{"id":300,"date":"2011-03-07T09:26:13","date_gmt":"2011-03-07T09:26:13","guid":{"rendered":"http:\/\/www.experts-marchandises.eu\/"},"modified":"2013-01-25T18:44:38","modified_gmt":"2013-01-25T18:44:38","slug":"demande-dintervention-missions-particulieres","status":"publish","type":"page","link":"https:\/\/mat-experts.com\/it\/demande-dintervention-missions-particulieres\/","title":{"rendered":"<h7>DOMANDA MISSIONI PARTICOLARI<\/h7>"},"content":{"rendered":"<p><div class=\"frm_forms  with_frm_style frm_style_style-formidable\" id=\"frm_form_20_container\" >\n<form enctype=\"multipart\/form-data\" method=\"post\" class=\"frm-show-form \" id=\"form_nk17yf\"  >\n<div class=\"frm_form_fields \">\n<fieldset>\n\r\n<div class=\"frm_fields_container\">\n<input type=\"hidden\" name=\"frm_action\" value=\"create\" \/>\n<input type=\"hidden\" name=\"form_id\" value=\"20\" \/>\n<input type=\"hidden\" name=\"frm_hide_fields_20\" id=\"frm_hide_fields_20\" value=\"\" \/>\n<input type=\"hidden\" name=\"form_key\" value=\"nk17yf\" \/>\n<input type=\"hidden\" name=\"item_meta[0]\" value=\"\" \/>\n<input type=\"hidden\" id=\"frm_submit_entry_20\" name=\"frm_submit_entry_20\" value=\"ecea11c9c1\" \/><input type=\"hidden\" name=\"_wp_http_referer\" value=\"\/it\/wp-json\/wp\/v2\/pages\/300\" \/><label for=\"frm_verify_20\" class=\"frm_screen_reader frm_hidden\">If you are human, leave this field blank.<\/label>\n<input type=\"text\" class=\"frm_hidden frm_verify\" id=\"frm_verify_20\" name=\"frm_verify\" value=\"\"  \/>\n<h2 class=\"frm_pos_ frm_primary_label[collapse_class]\">DATE DEL RICHIEDENTE<\/h2>\r\n\r\n\n<div id=\"frm_field_518_container\" class=\"form-field  frm_required_field  frm_left_container\">\r\n    <label class=\"frm_pos_ frm_primary_label\">Nome Societ\u00e0\r\n        <span class=\"frm_required\">*<\/span>\r\n    <\/label>\r\n    <input type=\"text\" id=\"field_cgh58v\" name=\"item_meta[518]\" value=\"\"  style=\"width:495px\" data-reqmsg=\"Merci d&#039;indiquer le nom de votre soci\u00e9t\u00e9\" data-invmsg=\"Nome Societ\u00e0 non \u00e8 valido\" class=\"auto_width\"  \/>\r\n    \r\n<\/div>\n<div id=\"frm_field_517_container\" class=\"form-field  frm_required_field  frm_left_container\">\r\n    <label class=\"frm_pos_ frm_primary_label\">Tipo societ\u00e0\r\n        <span class=\"frm_required\">*<\/span>\r\n    <\/label>\r\n    \t\t<select name=\"item_meta[517]\" id=\"field_8ntss3\"  data-frmval=\"Compagnia di assicurazioni\" data-reqmsg=\"S\u00e9lectionnez un type de soci\u00e9t\u00e9\" data-invmsg=\"Tipo societ\u00e0 non \u00e8 valido\"  >\n\t\t\t<option value=\"Compagnia di assicurazioni\"  selected=\"selected\" class=\"\">\n\t\t\tCompagnia di assicurazioni\t\t<\/option>\n\t\t\t<option value=\"Mediatore\"  class=\"\">\n\t\t\tMediatore\t\t<\/option>\n\t\t\t<option value=\"Speditore delle merci\"  class=\"\">\n\t\t\tSpeditore delle merci\t\t<\/option>\n\t\t\t<option value=\"Destinatario delle merci\"  class=\"\">\n\t\t\tDestinatario delle merci\t\t<\/option>\n\t\t\t<option value=\"Trasportatore\"  class=\"\">\n\t\t\tTrasportatore\t\t<\/option>\n\t\t\t<option value=\"Trasportatore di automobili\"  class=\"\">\n\t\t\tTrasportatore di automobili\t\t<\/option>\n\t\t\t<option value=\"Venditore delle merci\"  class=\"\">\n\t\t\tVenditore delle merci\t\t<\/option>\n\t\t\t<option value=\"Acquirente delle merci\"  class=\"\">\n\t\t\tAcquirente delle merci\t\t<\/option>\n\t\t\t<option value=\"Altro...\"  class=\"\">\n\t\t\tAltro...\t\t<\/option>\n\t\t<\/select>\n\t\r\n    \r\n<\/div>\n<div id=\"frm_field_521_container\" class=\"form-field  frm_required_field  frm_left_container\">\r\n    <label class=\"frm_pos_ frm_primary_label\">Nome Contatto\r\n        <span class=\"frm_required\">*<\/span>\r\n    <\/label>\r\n    <input type=\"text\" id=\"field_g3rz0i\" name=\"item_meta[521]\" value=\"\"  style=\"width:495px\" data-reqmsg=\"Merci d&#039;indiquer le nom de la personne \u00e0 contacter\" data-invmsg=\"Nome Contatto non \u00e8 valido\" class=\"auto_width\"  \/>\r\n    \r\n<\/div>\n<div id=\"frm_field_522_container\" class=\"form-field  frm_required_field  frm_left_container\">\r\n    <label class=\"frm_pos_ frm_primary_label\">Telefono\r\n        <span class=\"frm_required\">*<\/span>\r\n    <\/label>\r\n    <input type=\"text\" id=\"field_jst1vp\" name=\"item_meta[522]\" value=\"\"  style=\"width:360px\" data-reqmsg=\"Merci d&#039;indiquer votre t\u00e9l\u00e9phone\" data-invmsg=\"Telefono non \u00e8 valido\" class=\"auto_width\"  \/>\r\n    \r\n<\/div>\n<div id=\"frm_field_523_container\" class=\"form-field  frm_required_field  frm_left_container\">\r\n    <label class=\"frm_pos_ frm_primary_label\">Fax\r\n        <span class=\"frm_required\"><\/span>\r\n    <\/label>\r\n    <input type=\"text\" id=\"field_iiwec4\" name=\"item_meta[523]\" value=\"\"  style=\"width:360px\" data-reqmsg=\"Fax can&#039;t be blank\" data-invmsg=\"Fax non \u00e8 valido\" class=\"auto_width\"  \/>\r\n    \r\n<\/div>\n<div id=\"frm_field_539_container\" class=\"form-field   frm_left_container\">\r\n    <label class=\"frm_pos_ frm_primary_label\">Email di contatto\r\n        <span class=\"frm_required\"><\/span>\r\n    <\/label>\r\n    <input type=\"email\" id=\"field_tuwg1h\" name=\"item_meta[539]\" value=\"\"  style=\"width:495px\" data-invmsg=\"Adresse mail invalide\" class=\"auto_width\"  \/>\r\n    \r\n<\/div>\n<div id=\"frm_field_526_container\" class=\"form-field   frm_left_container\">\r\n    <label class=\"frm_pos_ frm_primary_label\">Codice IVA per fatturazione\r\n        <span class=\"frm_required\"><\/span>\r\n    <\/label>\r\n    <input type=\"text\" id=\"field_1ambnx\" name=\"item_meta[526]\" value=\"\"  style=\"width:495px\" data-invmsg=\"Codice IVA per fatturazione non \u00e8 valido\" class=\"auto_width\"  \/>\r\n    \r\n<\/div>\n<div id=\"frm_field_533_container\" class=\"form-field  frm_required_field  frm_left_container\">\r\n    <label class=\"frm_pos_ frm_primary_label\">Indirizzo, via,\r\n        <span class=\"frm_required\">*<\/span>\r\n    <\/label>\r\n    <textarea name=\"item_meta[533]\" id=\"field_qrkpko\" rows=\"2\"  style=\"width:495px\" cols=\"55\" data-reqmsg=\"Merci d&#039;indiquer votre adresse\" data-invmsg=\"Indirizzo, via, non \u00e8 valido\" class=\"auto_width\"  ><\/textarea>\r\n    \r\n<\/div>\n<div id=\"frm_field_520_container\" class=\"form-field  frm_required_field  frm_left_container\">\r\n    <label class=\"frm_pos_ frm_primary_label\">Codice Postale\r\n        <span class=\"frm_required\">*<\/span>\r\n    <\/label>\r\n    <input type=\"text\" id=\"field_1jjfu7\" name=\"item_meta[520]\" value=\"\"  style=\"width:360px\" data-reqmsg=\"Merci d&#039;indiquer le code postal\" data-invmsg=\"Codice Postale non \u00e8 valido\" class=\"auto_width\"  \/>\r\n    \r\n<\/div>\n<div id=\"frm_field_519_container\" class=\"form-field   frm_left_container\">\r\n    <label class=\"frm_pos_ frm_primary_label\">Citt\u00e0\r\n        <span class=\"frm_required\"><\/span>\r\n    <\/label>\r\n    <input type=\"text\" id=\"field_t8i9u7\" name=\"item_meta[519]\" value=\"\"  style=\"width:495px\" data-invmsg=\"Citt\u00e0 non \u00e8 valido\" class=\"auto_width\"  \/>\r\n    \r\n<\/div>\n<div id=\"frm_field_527_container\" class=\"form-field   frm_left_container\">\r\n    <label class=\"frm_pos_ frm_primary_label\">Il vostro Riferimento Schienale\r\n        <span class=\"frm_required\"><\/span>\r\n    <\/label>\r\n    <input type=\"text\" id=\"field_3s2n00\" name=\"item_meta[527]\" value=\"\"  style=\"width:495px\" data-invmsg=\"Il vostro Riferimento Schienale non \u00e8 valido\" class=\"auto_width\"  \/>\r\n    \r\n<\/div>\n<div id=\"frm_field_528_container\" class=\"form-field   frm_left_container\">\r\n    <label class=\"frm_pos_ frm_primary_label\">Note eventuali per fatturazione\r\n        <span class=\"frm_required\"><\/span>\r\n    <\/label>\r\n    <textarea name=\"item_meta[528]\" id=\"field_2j0g0i\" rows=\"2\"  style=\"width:495px\" cols=\"55\" data-invmsg=\"Note eventuali per fatturazione non \u00e8 valido\" class=\"auto_width\"  ><\/textarea>\r\n    \r\n<\/div>\n<h2 class=\"frm_pos_ frm_primary_label\">Continuare...<\/h2>\r\n\n<h2 class=\"frm_pos_ frm_primary_label[collapse_class]\">TIPO DI RICHIESTA<\/h2>\r\n\r\n\n<div id=\"frm_field_525_container\" class=\"form-field  frm_required_field  frm_left_container vertical_radio\">\r\n    <label class=\"frm_pos_ frm_primary_label\">Tipo di Richiesta\r\n        <span class=\"frm_required\">*<\/span>\r\n    <\/label>\r\n    \t\t<div class=\"frm_radio\"><label for=\"field_4efxxt-1\">\t\t\t<input type=\"radio\" name=\"item_meta[525]\" id=\"field_4efxxt-1\" value=\"NORMALE\"   data-reqmsg=\"Merci d&#039;indiquer le degr\u00e9 d&#039;urgence de votre requ\u00eate\" data-invmsg=\"Tipo di Richiesta non \u00e8 valido\"  \/> NORMALE<\/label><\/div>\n\t\t<div class=\"frm_radio\"><label for=\"field_4efxxt-2\">\t\t\t<input type=\"radio\" name=\"item_meta[525]\" id=\"field_4efxxt-2\" value=\"URGENTE\"   data-reqmsg=\"Merci d&#039;indiquer le degr\u00e9 d&#039;urgence de votre requ\u00eate\" data-invmsg=\"Tipo di Richiesta non \u00e8 valido\"  \/> URGENTE<\/label><\/div>\n\r\n    \r\n<\/div>\n<div id=\"frm_field_530_container\" class=\"form-field  frm_required_field  frm_left_container\">\r\n    <label class=\"frm_pos_ frm_primary_label\">Oggetto della domanda\r\n        <span class=\"frm_required\">*<\/span>\r\n    <\/label>\r\n    <textarea name=\"item_meta[530]\" id=\"field_3h6fz2\" rows=\"2\"  style=\"width:495px\" cols=\"55\" data-reqmsg=\"Merci d&#039;indiquer l&#039;objet de l&#039;expertise\" data-invmsg=\"Oggetto della domanda non \u00e8 valido\" class=\"auto_width\"  ><\/textarea>\r\n    \r\n<\/div>\n<h2 class=\"frm_pos_ frm_primary_label\">Continuare...<\/h2>\r\n\n<h2 class=\"frm_pos_ frm_primary_label[collapse_class]\">LUOGO DI L'INTERVENTO<\/h2>\r\n\r\n\n<div id=\"frm_field_531_container\" class=\"form-field   frm_left_container\">\r\n    <label class=\"frm_pos_ frm_primary_label\">Nome Societ\u00e0 o luogo\r\n        <span class=\"frm_required\"><\/span>\r\n    <\/label>\r\n    <input type=\"text\" id=\"field_1kxrei\" name=\"item_meta[531]\" value=\"\"  style=\"width:495px\" data-invmsg=\"Nome Societ\u00e0 o luogo non \u00e8 valido\" class=\"auto_width\"  \/>\r\n    \r\n<\/div>\n<div id=\"frm_field_536_container\" class=\"form-field  frm_required_field  frm_left_container\">\r\n    <label class=\"frm_pos_ frm_primary_label\">Indirizzo, via,\r\n        <span class=\"frm_required\">*<\/span>\r\n    <\/label>\r\n    <textarea name=\"item_meta[536]\" id=\"field_vjjv95\" rows=\"2\"  style=\"width:495px\" cols=\"55\" data-reqmsg=\"Merci d&#039;indiquer l&#039;adresse du sinistre\" data-invmsg=\"Indirizzo, via, non \u00e8 valido\" class=\"auto_width\"  ><\/textarea>\r\n    \r\n<\/div>\n<div id=\"frm_field_534_container\" class=\"form-field  frm_required_field  frm_left_container\">\r\n    <label class=\"frm_pos_ frm_primary_label\">Codice Postale\r\n        <span class=\"frm_required\">*<\/span>\r\n    <\/label>\r\n    <input type=\"text\" id=\"field_wo1221\" name=\"item_meta[534]\" value=\"\"  style=\"width:495px\" data-reqmsg=\"Merci d&#039;indiquer le code postal\" data-invmsg=\"Codice Postale non \u00e8 valido\" class=\"auto_width\"  \/>\r\n    \r\n<\/div>\n<div id=\"frm_field_535_container\" class=\"form-field  frm_required_field  frm_left_container\">\r\n    <label class=\"frm_pos_ frm_primary_label\">Citt\u00e0\r\n        <span class=\"frm_required\">*<\/span>\r\n    <\/label>\r\n    <input type=\"text\" id=\"field_57kd2s\" name=\"item_meta[535]\" value=\"\"  style=\"width:495px\" data-reqmsg=\"Merci d&#039;indiquer la ville\" data-invmsg=\"Citt\u00e0 non \u00e8 valido\" class=\"auto_width\"  \/>\r\n    \r\n<\/div>\n<div id=\"frm_field_538_container\" class=\"form-field  frm_required_field  frm_left_container\">\r\n    <label class=\"frm_pos_ frm_primary_label\">Nessuno a contattare\r\n        <span class=\"frm_required\">*<\/span>\r\n    <\/label>\r\n    <input type=\"text\" id=\"field_wu73yx\" name=\"item_meta[538]\" value=\"\"  style=\"width:495px\" data-reqmsg=\"Merci d&#039;indiquer la personne \u00e0 contacter\" data-invmsg=\"Nessuno a contattare non \u00e8 valido\" class=\"auto_width\"  \/>\r\n    \r\n<\/div>\n<div id=\"frm_field_537_container\" class=\"form-field  frm_required_field  frm_left_container\">\r\n    <label class=\"frm_pos_ frm_primary_label\">Telefono\r\n        <span class=\"frm_required\">*<\/span>\r\n    <\/label>\r\n    <input type=\"text\" id=\"field_uak43l\" name=\"item_meta[537]\" value=\"\"  style=\"width:360px\" data-reqmsg=\"Merci d&#039;indiquer le t\u00e9l\u00e9phone de la personne \u00e0 contacter\" data-invmsg=\"Telefono non \u00e8 valido\" class=\"auto_width\"  \/>\r\n    \r\n<\/div>\n<h2 class=\"frm_pos_ frm_primary_label[collapse_class]\">Documentazione di supporto<\/h2>\r\n\r\n\n<div id=\"frm_field_545_container\" class=\"form-field   frm_left_container\">\r\n    <label class=\"frm_pos_ frm_primary_label\">Unire al formulario\r\n        <span class=\"frm_required\"><\/span>\r\n    <\/label>\r\n    <input type=\"text\" id=\"field_wwxu7d\" name=\"item_meta[545]\" value=\"\"  style=\"width:270px\" data-invmsg=\"Unire al formulario non \u00e8 valido\" class=\"auto_width\"  \/>\r\n    \r\n<\/div>\n<input type=\"hidden\" name=\"item_key\" value=\"\" \/>\n<div class=\"frm_submit\">\r\n\r\n<input type=\"submit\" value=\"Envoyer\"  \/>\r\n<img class=\"frm_ajax_loading\" src=\"https:\/\/mat-experts.com\/wp-content\/plugins\/formidable\/images\/ajax_loader.gif\" alt=\"Envoi\" style=\"visibility:hidden;\" \/>\r\n\r\n<\/div><\/div>\n<\/fieldset>\n<\/div>\n<\/form>\n<\/div>\n<\/p>","protected":false},"excerpt":{"rendered":"","protected":false},"author":2,"featured_media":0,"parent":0,"menu_order":31,"comment_status":"closed","ping_status":"closed","template":"","meta":{"_monsterinsights_skip_tracking":false,"_monsterinsights_sitenote_active":false,"_monsterinsights_sitenote_note":"","_monsterinsights_sitenote_category":0},"_links":{"self":[{"href":"https:\/\/mat-experts.com\/it\/wp-json\/wp\/v2\/pages\/300"}],"collection":[{"href":"https:\/\/mat-experts.com\/it\/wp-json\/wp\/v2\/pages"}],"about":[{"href":"https:\/\/mat-experts.com\/it\/wp-json\/wp\/v2\/types\/page"}],"author":[{"embeddable":true,"href":"https:\/\/mat-experts.com\/it\/wp-json\/wp\/v2\/users\/2"}],"replies":[{"embeddable":true,"href":"https:\/\/mat-experts.com\/it\/wp-json\/wp\/v2\/comments?post=300"}],"version-history":[{"count":0,"href":"https:\/\/mat-experts.com\/it\/wp-json\/wp\/v2\/pages\/300\/revisions"}],"wp:attachment":[{"href":"https:\/\/mat-experts.com\/it\/wp-json\/wp\/v2\/media?parent=300"}],"curies":[{"name":"wp","href":"https:\/\/api.w.org\/{rel}","templated":true}]}}