{"id":298,"date":"2011-03-07T09:24:38","date_gmt":"2011-03-07T09:24:38","guid":{"rendered":"http:\/\/www.experts-marchandises.eu\/"},"modified":"2013-01-25T18:44:38","modified_gmt":"2013-01-25T18:44:38","slug":"demande-dexpertise-iard","status":"publish","type":"page","link":"https:\/\/mat-experts.com\/it\/demande-dexpertise-iard\/","title":{"rendered":"<h7>DOMANDA DI PERIZIA IARD<\/h7>"},"content":{"rendered":"<p><div class=\"frm_forms  with_frm_style frm_style_style-formidable\" id=\"frm_form_18_container\" >\n<form enctype=\"multipart\/form-data\" method=\"post\" class=\"frm-show-form \" id=\"form_zqjnp8\"  >\n<div class=\"frm_form_fields \">\n<fieldset>\n\r\n<div class=\"frm_fields_container\">\n<input type=\"hidden\" name=\"frm_action\" value=\"create\" \/>\n<input type=\"hidden\" name=\"form_id\" value=\"18\" \/>\n<input type=\"hidden\" name=\"frm_hide_fields_18\" id=\"frm_hide_fields_18\" value=\"\" \/>\n<input type=\"hidden\" name=\"form_key\" value=\"zqjnp8\" \/>\n<input type=\"hidden\" name=\"item_meta[0]\" value=\"\" \/>\n<input type=\"hidden\" id=\"frm_submit_entry_18\" name=\"frm_submit_entry_18\" value=\"17fd2e81b8\" \/><input type=\"hidden\" name=\"_wp_http_referer\" value=\"\/it\/wp-json\/wp\/v2\/pages\/298\" \/><label for=\"frm_verify_18\" class=\"frm_screen_reader frm_hidden\">If you are human, leave this field blank.<\/label>\n<input type=\"text\" class=\"frm_hidden frm_verify\" id=\"frm_verify_18\" name=\"frm_verify\" value=\"\"  \/>\n<h2 class=\"frm_pos_ frm_primary_label[collapse_class]\">DATE DEL RICHIEDENTE<\/h2>\r\n\r\n\n<div id=\"frm_field_451_container\" class=\"form-field  frm_required_field  frm_left_container\">\r\n    <label class=\"frm_pos_ frm_primary_label\">Nome Societ\u00e0\r\n        <span class=\"frm_required\">*<\/span>\r\n    <\/label>\r\n    <input type=\"text\" id=\"field_kxcqun\" name=\"item_meta[451]\" value=\"\"  style=\"width:495px\" data-reqmsg=\"Merci d&#039;indiquer le nom de votre soci\u00e9t\u00e9\" data-invmsg=\"Nome Societ\u00e0 non \u00e8 valido\" class=\"auto_width\"  \/>\r\n    \r\n<\/div>\n<div id=\"frm_field_450_container\" class=\"form-field  frm_required_field  frm_left_container\">\r\n    <label class=\"frm_pos_ frm_primary_label\">Tipo societ\u00e0\r\n        <span class=\"frm_required\">*<\/span>\r\n    <\/label>\r\n    \t\t<select name=\"item_meta[450]\" id=\"field_ny8z36\"  data-frmval=\"Compagnia di assicurazioni\" data-reqmsg=\"S\u00e9lectionnez un type de soci\u00e9t\u00e9\" data-invmsg=\"Tipo societ\u00e0 non \u00e8 valido\"  >\n\t\t\t<option value=\"Compagnia di assicurazioni\"  selected=\"selected\" class=\"\">\n\t\t\tCompagnia di assicurazioni\t\t<\/option>\n\t\t\t<option value=\"Mediatore\"  class=\"\">\n\t\t\tMediatore\t\t<\/option>\n\t\t\t<option value=\"Speditore delle merci\"  class=\"\">\n\t\t\tSpeditore delle merci\t\t<\/option>\n\t\t\t<option value=\"Destinatario delle merci\"  class=\"\">\n\t\t\tDestinatario delle merci\t\t<\/option>\n\t\t\t<option value=\"Trasportatore\"  class=\"\">\n\t\t\tTrasportatore\t\t<\/option>\n\t\t\t<option value=\"Trasportatore di automobili\"  class=\"\">\n\t\t\tTrasportatore di automobili\t\t<\/option>\n\t\t\t<option value=\"Venditore delle merci\"  class=\"\">\n\t\t\tVenditore delle merci\t\t<\/option>\n\t\t\t<option value=\"Acquirente delle merci\"  class=\"\">\n\t\t\tAcquirente delle merci\t\t<\/option>\n\t\t\t<option value=\"Altro...\"  class=\"\">\n\t\t\tAltro...\t\t<\/option>\n\t\t<\/select>\n\t\r\n    \r\n<\/div>\n<div id=\"frm_field_454_container\" class=\"form-field  frm_required_field  frm_left_container\">\r\n    <label class=\"frm_pos_ frm_primary_label\">Nome Contatto\r\n        <span class=\"frm_required\">*<\/span>\r\n    <\/label>\r\n    <input type=\"text\" id=\"field_lz0jhx\" name=\"item_meta[454]\" value=\"\"  style=\"width:495px\" data-reqmsg=\"Merci d&#039;indiquer le nom de la personne \u00e0 contacter\" data-invmsg=\"Nome Contatto non \u00e8 valido\" class=\"auto_width\"  \/>\r\n    \r\n<\/div>\n<div id=\"frm_field_455_container\" class=\"form-field  frm_required_field  frm_left_container\">\r\n    <label class=\"frm_pos_ frm_primary_label\">Telefono\r\n        <span class=\"frm_required\">*<\/span>\r\n    <\/label>\r\n    <input type=\"text\" id=\"field_r961in\" name=\"item_meta[455]\" value=\"\"  style=\"width:360px\" data-reqmsg=\"Merci d&#039;indiquer votre t\u00e9l\u00e9phone\" data-invmsg=\"Telefono non \u00e8 valido\" class=\"auto_width\"  \/>\r\n    \r\n<\/div>\n<div id=\"frm_field_456_container\" class=\"form-field  frm_required_field  frm_left_container\">\r\n    <label class=\"frm_pos_ frm_primary_label\">Fax\r\n        <span class=\"frm_required\"><\/span>\r\n    <\/label>\r\n    <input type=\"text\" id=\"field_x303h4\" name=\"item_meta[456]\" value=\"\"  style=\"width:360px\" data-reqmsg=\"Fax can&#039;t be blank\" data-invmsg=\"Fax non \u00e8 valido\" class=\"auto_width\"  \/>\r\n    \r\n<\/div>\n<div id=\"frm_field_473_container\" class=\"form-field   frm_left_container\">\r\n    <label class=\"frm_pos_ frm_primary_label\">Email di contatto\r\n        <span class=\"frm_required\"><\/span>\r\n    <\/label>\r\n    <input type=\"email\" id=\"field_zer9gw\" name=\"item_meta[473]\" value=\"\"  style=\"width:495px\" data-invmsg=\"Adresse mail invalide\" class=\"auto_width\"  \/>\r\n    \r\n<\/div>\n<div id=\"frm_field_459_container\" class=\"form-field   frm_left_container\">\r\n    <label class=\"frm_pos_ frm_primary_label\">Codice IVA per fatturazione\r\n        <span class=\"frm_required\"><\/span>\r\n    <\/label>\r\n    <input type=\"text\" id=\"field_sym6f1\" name=\"item_meta[459]\" value=\"\"  style=\"width:495px\" data-invmsg=\"Codice IVA per fatturazione non \u00e8 valido\" class=\"auto_width\"  \/>\r\n    \r\n<\/div>\n<div id=\"frm_field_467_container\" class=\"form-field  frm_required_field  frm_left_container\">\r\n    <label class=\"frm_pos_ frm_primary_label\">Indirizzo, via,\r\n        <span class=\"frm_required\">*<\/span>\r\n    <\/label>\r\n    <textarea name=\"item_meta[467]\" id=\"field_5nixlu\" rows=\"2\"  style=\"width:495px\" cols=\"55\" data-reqmsg=\"Merci d&#039;indiquer votre adresse\" data-invmsg=\"Indirizzo, via, non \u00e8 valido\" class=\"auto_width\"  ><\/textarea>\r\n    \r\n<\/div>\n<div id=\"frm_field_453_container\" class=\"form-field  frm_required_field  frm_left_container\">\r\n    <label class=\"frm_pos_ frm_primary_label\">Codice Postale\r\n        <span class=\"frm_required\">*<\/span>\r\n    <\/label>\r\n    <input type=\"text\" id=\"field_dlwmk5\" name=\"item_meta[453]\" value=\"\"  style=\"width:360px\" data-reqmsg=\"Merci d&#039;indiquer le code postal\" data-invmsg=\"Codice Postale non \u00e8 valido\" class=\"auto_width\"  \/>\r\n    \r\n<\/div>\n<div id=\"frm_field_452_container\" class=\"form-field   frm_left_container\">\r\n    <label class=\"frm_pos_ frm_primary_label\">Citt\u00e0\r\n        <span class=\"frm_required\"><\/span>\r\n    <\/label>\r\n    <input type=\"text\" id=\"field_6tlrkp\" name=\"item_meta[452]\" value=\"\"  style=\"width:495px\" data-invmsg=\"Citt\u00e0 non \u00e8 valido\" class=\"auto_width\"  \/>\r\n    \r\n<\/div>\n<div id=\"frm_field_460_container\" class=\"form-field   frm_left_container\">\r\n    <label class=\"frm_pos_ frm_primary_label\">Il vostro Riferimento Schienale\r\n        <span class=\"frm_required\"><\/span>\r\n    <\/label>\r\n    <input type=\"text\" id=\"field_x7r3tq\" name=\"item_meta[460]\" value=\"\"  style=\"width:495px\" data-invmsg=\"Il vostro Riferimento Schienale non \u00e8 valido\" class=\"auto_width\"  \/>\r\n    \r\n<\/div>\n<div id=\"frm_field_461_container\" class=\"form-field   frm_left_container\">\r\n    <label class=\"frm_pos_ frm_primary_label\">Servizi e precisioni complementari\r\n        <span class=\"frm_required\"><\/span>\r\n    <\/label>\r\n    <textarea name=\"item_meta[461]\" id=\"field_u3j7sm\" rows=\"2\"  style=\"width:495px\" cols=\"55\" data-invmsg=\"Servizi e precisioni complementari non \u00e8 valido\" class=\"auto_width\"  ><\/textarea>\r\n    \r\n<\/div>\n<h2 class=\"frm_pos_ frm_primary_label\">Continuare...<\/h2>\r\n\n<h2 class=\"frm_pos_ frm_primary_label[collapse_class]\">TIPO DI RICHIESTA<\/h2>\r\n\r\n\n<div id=\"frm_field_458_container\" class=\"form-field  frm_required_field  frm_left_container vertical_radio\">\r\n    <label class=\"frm_pos_ frm_primary_label\">Tipo di Richiesta\r\n        <span class=\"frm_required\">*<\/span>\r\n    <\/label>\r\n    \t\t<div class=\"frm_radio\"><label for=\"field_v4fmhw-1\">\t\t\t<input type=\"radio\" name=\"item_meta[458]\" id=\"field_v4fmhw-1\" value=\"NORMALE\"   data-reqmsg=\"Merci d&#039;indiquer le degr\u00e9 d&#039;urgence de votre requ\u00eate\" data-invmsg=\"Tipo di Richiesta non \u00e8 valido\"  \/> NORMALE<\/label><\/div>\n\t\t<div class=\"frm_radio\"><label for=\"field_v4fmhw-2\">\t\t\t<input type=\"radio\" name=\"item_meta[458]\" id=\"field_v4fmhw-2\" value=\"URGENTE\"   data-reqmsg=\"Merci d&#039;indiquer le degr\u00e9 d&#039;urgence de votre requ\u00eate\" data-invmsg=\"Tipo di Richiesta non \u00e8 valido\"  \/> URGENTE<\/label><\/div>\n\r\n    \r\n<\/div>\n<div id=\"frm_field_463_container\" class=\"form-field  frm_required_field  frm_left_container\">\r\n    <label class=\"frm_pos_ frm_primary_label\">Oggetto del danno\r\n        <span class=\"frm_required\">*<\/span>\r\n    <\/label>\r\n    <textarea name=\"item_meta[463]\" id=\"field_2qnsgh\" rows=\"2\"  style=\"width:495px\" cols=\"55\" data-reqmsg=\"Merci d&#039;indiquer l&#039;objet de l&#039;expertise\" data-invmsg=\"Oggetto del danno non \u00e8 valido\" class=\"auto_width\"  ><\/textarea>\r\n    \r\n<\/div>\n<div id=\"frm_field_465_container\" class=\"form-field  frm_required_field  frm_left_container\">\r\n    <label class=\"frm_pos_ frm_primary_label\">Natura del Sinistro\r\n        <span class=\"frm_required\">*<\/span>\r\n    <\/label>\r\n    \t\t<select name=\"item_meta[465]\" id=\"field_tlhlhz\"  data-frmval=\"Selezionare...\" data-reqmsg=\"Merci d&#039;indiquer le type de dommage\" data-invmsg=\"Natura del Sinistro non \u00e8 valido\"  >\n\t\t\t<option value=\"Selezionare...\"  selected=\"selected\" class=\"\">\n\t\t\tSelezionare...\t\t<\/option>\n\t\t\t<option value=\"Incendio\"  class=\"\">\n\t\t\tIncendio\t\t<\/option>\n\t\t\t<option value=\"Fenomeno elettrico\"  class=\"\">\n\t\t\tFenomeno elettrico\t\t<\/option>\n\t\t\t<option value=\"Inondazione\"  class=\"\">\n\t\t\tInondazione\t\t<\/option>\n\t\t\t<option value=\"Ogni rischio\"  class=\"\">\n\t\t\tOgni rischio\t\t<\/option>\n\t\t\t<option value=\"R.C. prodotti\"  class=\"\">\n\t\t\tR.C. prodotti\t\t<\/option>\n\t\t\t<option value=\"Altro\"  class=\"\">\n\t\t\tAltro\t\t<\/option>\n\t\t<\/select>\n\t\r\n    \r\n<\/div>\n<div id=\"frm_field_462_container\" class=\"form-field   frm_left_container\">\r\n    <label class=\"frm_pos_ frm_primary_label\">Posta del sinistro\r\n        <span class=\"frm_required\"><\/span>\r\n    <\/label>\r\n    <input type=\"text\" id=\"field_edlr50\" name=\"item_meta[462]\" value=\"\"  style=\"width:495px\" data-invmsg=\"Posta del sinistro non \u00e8 valido\" class=\"auto_width\"  \/>\r\n    \r\n<\/div>\n<h2 class=\"frm_pos_ frm_primary_label\">Continuare...<\/h2>\r\n\n<h2 class=\"frm_pos_ frm_primary_label[collapse_class]\">LUOGO DI L'INTERVENTO<\/h2>\r\n\r\n\n<div id=\"frm_field_464_container\" class=\"form-field   frm_left_container\">\r\n    <label class=\"frm_pos_ frm_primary_label\">Nome Societ\u00e0 o luogo\r\n        <span class=\"frm_required\"><\/span>\r\n    <\/label>\r\n    <input type=\"text\" id=\"field_i6ys2r\" name=\"item_meta[464]\" value=\"\"  style=\"width:495px\" data-invmsg=\"Nome Societ\u00e0 o luogo non \u00e8 valido\" class=\"auto_width\"  \/>\r\n    \r\n<\/div>\n<div id=\"frm_field_470_container\" class=\"form-field  frm_required_field  frm_left_container\">\r\n    <label class=\"frm_pos_ frm_primary_label\">Indirizzo, via,\r\n        <span class=\"frm_required\">*<\/span>\r\n    <\/label>\r\n    <textarea name=\"item_meta[470]\" id=\"field_v48kz\" rows=\"2\"  style=\"width:495px\" cols=\"55\" data-reqmsg=\"Merci d&#039;indiquer l&#039;adresse du sinistre\" data-invmsg=\"Indirizzo, via, non \u00e8 valido\" class=\"auto_width\"  ><\/textarea>\r\n    \r\n<\/div>\n<div id=\"frm_field_468_container\" class=\"form-field  frm_required_field  frm_left_container\">\r\n    <label class=\"frm_pos_ frm_primary_label\">Codice Postale\r\n        <span class=\"frm_required\">*<\/span>\r\n    <\/label>\r\n    <input type=\"text\" id=\"field_hbotei\" name=\"item_meta[468]\" value=\"\"  style=\"width:495px\" data-reqmsg=\"Merci d&#039;indiquer le code postal\" data-invmsg=\"Codice Postale non \u00e8 valido\" class=\"auto_width\"  \/>\r\n    \r\n<\/div>\n<div id=\"frm_field_469_container\" class=\"form-field  frm_required_field  frm_left_container\">\r\n    <label class=\"frm_pos_ frm_primary_label\">Citt\u00e0\r\n        <span class=\"frm_required\">*<\/span>\r\n    <\/label>\r\n    <input type=\"text\" id=\"field_31nl2i\" name=\"item_meta[469]\" value=\"\"  style=\"width:495px\" data-reqmsg=\"Merci d&#039;indiquer la ville\" data-invmsg=\"Citt\u00e0 non \u00e8 valido\" class=\"auto_width\"  \/>\r\n    \r\n<\/div>\n<div id=\"frm_field_472_container\" class=\"form-field  frm_required_field  frm_left_container\">\r\n    <label class=\"frm_pos_ frm_primary_label\">Nessuno a contattare\r\n        <span class=\"frm_required\">*<\/span>\r\n    <\/label>\r\n    <input type=\"text\" id=\"field_jzefj5\" name=\"item_meta[472]\" value=\"\"  style=\"width:495px\" data-reqmsg=\"Merci d&#039;indiquer la personne \u00e0 contacter\" data-invmsg=\"Nessuno a contattare non \u00e8 valido\" class=\"auto_width\"  \/>\r\n    \r\n<\/div>\n<div id=\"frm_field_471_container\" class=\"form-field   frm_left_container\">\r\n    <label class=\"frm_pos_ frm_primary_label\">Telefono\r\n        <span class=\"frm_required\"><\/span>\r\n    <\/label>\r\n    <input type=\"text\" id=\"field_wozr1l\" name=\"item_meta[471]\" value=\"\"  style=\"width:360px\" data-invmsg=\"Telefono non \u00e8 valido\" class=\"auto_width\"  \/>\r\n    \r\n<\/div>\n<h2 class=\"frm_pos_ frm_primary_label[collapse_class]\">DOCUMENTAZIONE SU IL SINISTRO<\/h2>\r\n\r\n\n<div id=\"frm_field_478_container\" class=\"form-field   frm_left_container\">\r\n    <label class=\"frm_pos_ frm_primary_label\">Unire al formulario\r\n        <span class=\"frm_required\"><\/span>\r\n    <\/label>\r\n    <input type=\"text\" id=\"field_w2f7w1\" name=\"item_meta[478]\" value=\"\"  style=\"width:270px\" data-invmsg=\"Unire al formulario non \u00e8 valido\" class=\"auto_width\"  \/>\r\n    \r\n<\/div>\n<div id=\"frm_field_481_container\" class=\"form-field   frm_left_container\">\r\n    <label class=\"frm_pos_ frm_primary_label\">Istruzioni particolari\r\n        <span class=\"frm_required\"><\/span>\r\n    <\/label>\r\n    <textarea name=\"item_meta[481]\" id=\"field_kl25jj\" rows=\"2\"  style=\"width:495px\" cols=\"55\" data-invmsg=\"Istruzioni particolari non \u00e8 valido\" class=\"auto_width\"  ><\/textarea>\r\n    \r\n<\/div>\n<div id=\"frm_field_485_container\" class=\"form-field   frm_top_container vertical_radio\">\r\n    <label class=\"frm_pos_ frm_primary_label\">Contatto per\r\n        <span class=\"frm_required\"><\/span>\r\n    <\/label>\r\n    \t\t<div class=\"frm_radio\"><label for=\"field_kdgaaa-0\">\t\t\t<input type=\"radio\" name=\"item_meta[485]\" id=\"field_kdgaaa-0\" value=\"Telefono\"   data-invmsg=\"Contatto per non \u00e8 valido\"  \/> Telefono<\/label><\/div>\n\t\t<div class=\"frm_radio\"><label for=\"field_kdgaaa-1\">\t\t\t<input type=\"radio\" name=\"item_meta[485]\" id=\"field_kdgaaa-1\" value=\"Email\"   data-invmsg=\"Contatto per non \u00e8 valido\"  \/> Email<\/label><\/div>\n\r\n    \r\n<\/div>\n<input type=\"hidden\" name=\"item_key\" value=\"\" \/>\n<div class=\"frm_submit\">\r\n\r\n<input type=\"submit\" value=\"Envoyer\"  \/>\r\n<img class=\"frm_ajax_loading\" src=\"https:\/\/mat-experts.com\/wp-content\/plugins\/formidable\/images\/ajax_loader.gif\" alt=\"Envoi\" style=\"visibility:hidden;\" \/>\r\n\r\n<\/div><\/div>\n<\/fieldset>\n<\/div>\n<\/form>\n<\/div>\n<\/p>","protected":false},"excerpt":{"rendered":"","protected":false},"author":2,"featured_media":0,"parent":0,"menu_order":30,"comment_status":"closed","ping_status":"closed","template":"","meta":{"_monsterinsights_skip_tracking":false,"_monsterinsights_sitenote_active":false,"_monsterinsights_sitenote_note":"","_monsterinsights_sitenote_category":0},"_links":{"self":[{"href":"https:\/\/mat-experts.com\/it\/wp-json\/wp\/v2\/pages\/298"}],"collection":[{"href":"https:\/\/mat-experts.com\/it\/wp-json\/wp\/v2\/pages"}],"about":[{"href":"https:\/\/mat-experts.com\/it\/wp-json\/wp\/v2\/types\/page"}],"author":[{"embeddable":true,"href":"https:\/\/mat-experts.com\/it\/wp-json\/wp\/v2\/users\/2"}],"replies":[{"embeddable":true,"href":"https:\/\/mat-experts.com\/it\/wp-json\/wp\/v2\/comments?post=298"}],"version-history":[{"count":0,"href":"https:\/\/mat-experts.com\/it\/wp-json\/wp\/v2\/pages\/298\/revisions"}],"wp:attachment":[{"href":"https:\/\/mat-experts.com\/it\/wp-json\/wp\/v2\/media?parent=298"}],"curies":[{"name":"wp","href":"https:\/\/api.w.org\/{rel}","templated":true}]}}