{"id":27,"date":"2011-02-06T13:32:26","date_gmt":"2011-02-06T13:32:26","guid":{"rendered":"http:\/\/www.experts-marchandises.eu\/"},"modified":"2015-11-17T06:37:56","modified_gmt":"2015-11-17T05:37:56","slug":"autres-prestations-assistance","status":"publish","type":"page","link":"https:\/\/mat-experts.com\/it\/autres-prestations-assistance\/","title":{"rendered":"Altre prestazioni, Assistenza"},"content":{"rendered":"<p>Per gli studi particolari :<\/p>\n<ul>\n<li>Studio di quaderno dei carichi trasporti (carico, flusso s\u00e9curis\u00e9s&#8230;)<\/li>\n<li>Assistenza a perizia Giudiziale<\/li>\n<li>Collocamento in posto di scheda di seguito con tra\u00e7abilit\u00e9<\/li>\n<li>Collocamento in posto di protocollo di sicurezza<\/li>\n<li>Studio di impatto<\/li>\n<li>Accidentologie (ricerca delle cause)<\/li>\n<li>Gestione di sinistro di massa (messaggeria)<\/li>\n<li>Ricorso ed assistenza<\/li>\n<\/ul>\n<p>Questo servizio \u00e8 proposto alle Imprese, alle Compagnie di assicurazione ed ai Brokers, ma rivolgiti anche a tutti quelli che desidera minimizzare i rischi ed i sinistri che potrebbero sopraggiungere durante il fase transport\/manutention.<\/p>","protected":false},"excerpt":{"rendered":"<p>Per gli studi particolari : Studio di quaderno dei carichi trasporti (carico, flusso s\u00e9curis\u00e9s&#8230;) Assistenza a perizia Giudiziale Collocamento in posto di scheda di seguito con tra\u00e7abilit\u00e9 Collocamento in posto di protocollo di sicurezza Studio di impatto Accidentologie (ricerca delle cause) Gestione di sinistro di massa (messaggeria) Ricorso ed assistenza Questo servizio \u00e8 proposto alle &hellip; <\/p>\n","protected":false},"author":1,"featured_media":0,"parent":0,"menu_order":20,"comment_status":"closed","ping_status":"closed","template":"","meta":{"_monsterinsights_skip_tracking":false,"_monsterinsights_sitenote_active":false,"_monsterinsights_sitenote_note":"","_monsterinsights_sitenote_category":0},"_links":{"self":[{"href":"https:\/\/mat-experts.com\/it\/wp-json\/wp\/v2\/pages\/27"}],"collection":[{"href":"https:\/\/mat-experts.com\/it\/wp-json\/wp\/v2\/pages"}],"about":[{"href":"https:\/\/mat-experts.com\/it\/wp-json\/wp\/v2\/types\/page"}],"author":[{"embeddable":true,"href":"https:\/\/mat-experts.com\/it\/wp-json\/wp\/v2\/users\/1"}],"replies":[{"embeddable":true,"href":"https:\/\/mat-experts.com\/it\/wp-json\/wp\/v2\/comments?post=27"}],"version-history":[{"count":2,"href":"https:\/\/mat-experts.com\/it\/wp-json\/wp\/v2\/pages\/27\/revisions"}],"predecessor-version":[{"id":911,"href":"https:\/\/mat-experts.com\/it\/wp-json\/wp\/v2\/pages\/27\/revisions\/911"}],"wp:attachment":[{"href":"https:\/\/mat-experts.com\/it\/wp-json\/wp\/v2\/media?parent=27"}],"curies":[{"name":"wp","href":"https:\/\/api.w.org\/{rel}","templated":true}]}}