{"id":25,"date":"2011-02-06T13:31:58","date_gmt":"2011-02-06T13:31:58","guid":{"rendered":"http:\/\/www.experts-marchandises.eu\/"},"modified":"2015-11-17T00:15:28","modified_gmt":"2015-11-16T23:15:28","slug":"prestations-non-maritime","status":"publish","type":"page","link":"https:\/\/mat-experts.com\/it\/prestations-non-maritime\/","title":{"rendered":"Prestazioni No-Marittime"},"content":{"rendered":"<p><\/p>\n<ul>\n<li>Gestione dei danni \/ Sinistri maggiori ed industriali<\/li>\n<li>Sinistri responsabilit\u00e0 civile delle societ\u00e0 e degli individui<\/li>\n<li>Sinistri di interruzione di attivit\u00e0<\/li>\n<li>Sinistri di responsabilit\u00e0 produce<\/li>\n<li>Sinistri di automobili particolari \/ veicoli automobili<\/li>\n<li>Danni agli edifici, danni di costruzione<\/li>\n<li>Assitance tecnico, gestione dei rischi<\/li>\n<\/ul>\n<p><\/p>","protected":false},"excerpt":{"rendered":"<p>Gestione dei danni \/ Sinistri maggiori ed industriali Sinistri responsabilit\u00e0 civile delle societ\u00e0 e degli individui Sinistri di interruzione di attivit\u00e0 Sinistri di responsabilit\u00e0 produce Sinistri di automobili particolari \/ veicoli automobili Danni agli edifici, danni di costruzione Assitance tecnico, gestione dei rischi<\/p>\n","protected":false},"author":1,"featured_media":0,"parent":0,"menu_order":14,"comment_status":"closed","ping_status":"closed","template":"","meta":{"_monsterinsights_skip_tracking":false,"_monsterinsights_sitenote_active":false,"_monsterinsights_sitenote_note":"","_monsterinsights_sitenote_category":0},"_links":{"self":[{"href":"https:\/\/mat-experts.com\/it\/wp-json\/wp\/v2\/pages\/25"}],"collection":[{"href":"https:\/\/mat-experts.com\/it\/wp-json\/wp\/v2\/pages"}],"about":[{"href":"https:\/\/mat-experts.com\/it\/wp-json\/wp\/v2\/types\/page"}],"author":[{"embeddable":true,"href":"https:\/\/mat-experts.com\/it\/wp-json\/wp\/v2\/users\/1"}],"replies":[{"embeddable":true,"href":"https:\/\/mat-experts.com\/it\/wp-json\/wp\/v2\/comments?post=25"}],"version-history":[{"count":0,"href":"https:\/\/mat-experts.com\/it\/wp-json\/wp\/v2\/pages\/25\/revisions"}],"wp:attachment":[{"href":"https:\/\/mat-experts.com\/it\/wp-json\/wp\/v2\/media?parent=25"}],"curies":[{"name":"wp","href":"https:\/\/api.w.org\/{rel}","templated":true}]}}