{"id":10,"date":"2011-02-06T13:13:39","date_gmt":"2011-02-06T13:13:39","guid":{"rendered":"http:\/\/www.experts-marchandises.eu\/"},"modified":"2016-01-09T08:32:16","modified_gmt":"2016-01-09T07:32:16","slug":"demande-dexpertise","status":"publish","type":"page","link":"https:\/\/mat-experts.com\/it\/demande-dexpertise\/","title":{"rendered":"<h7>DOMANDA DI PERIZIA<\/h7>"},"content":{"rendered":"<p><div class=\"frm_forms  with_frm_style frm_style_style-formidable\" id=\"frm_form_12_container\" >\n<form enctype=\"multipart\/form-data\" method=\"post\" class=\"frm-show-form \" id=\"form_i6ha32\"  >\n<div class=\"frm_form_fields \">\n<fieldset>\n\r\n<div class=\"frm_fields_container\">\n<input type=\"hidden\" name=\"frm_action\" value=\"create\" \/>\n<input type=\"hidden\" name=\"form_id\" value=\"12\" \/>\n<input type=\"hidden\" name=\"frm_hide_fields_12\" id=\"frm_hide_fields_12\" value=\"\" \/>\n<input type=\"hidden\" name=\"form_key\" value=\"i6ha32\" \/>\n<input type=\"hidden\" name=\"item_meta[0]\" value=\"\" \/>\n<input type=\"hidden\" id=\"frm_submit_entry_12\" name=\"frm_submit_entry_12\" value=\"a9fd0906cc\" \/><input type=\"hidden\" name=\"_wp_http_referer\" value=\"\/it\/wp-json\/wp\/v2\/pages\/10\" \/><label for=\"frm_verify_12\" class=\"frm_screen_reader frm_hidden\">If you are human, leave this field blank.<\/label>\n<input type=\"text\" class=\"frm_hidden frm_verify\" id=\"frm_verify_12\" name=\"frm_verify\" value=\"\"  \/>\n<h2 class=\"frm_pos_ frm_primary_label[collapse_class]\">DATE DEL RICHIEDENTE<\/h2>\r\n\r\n\n<div id=\"frm_field_252_container\" class=\"form-field  frm_required_field  frm_left_container\">\r\n    <label class=\"frm_pos_ frm_primary_label\">Nome Societ\u00e0\r\n        <span class=\"frm_required\">*<\/span>\r\n    <\/label>\r\n    <input type=\"text\" id=\"field_k5lf1g\" name=\"item_meta[252]\" value=\"\"  style=\"width:495px\" data-reqmsg=\"Merci d&#039;indiquer le nom de votre soci\u00e9t\u00e9\" data-invmsg=\"Nome Societ\u00e0 non \u00e8 valido\" class=\"auto_width\"  \/>\r\n    \r\n<\/div>\n<div id=\"frm_field_251_container\" class=\"form-field  frm_required_field  frm_left_container\">\r\n    <label class=\"frm_pos_ frm_primary_label\">Tipo societ\u00e0\r\n        <span class=\"frm_required\">*<\/span>\r\n    <\/label>\r\n    \t\t<select name=\"item_meta[251]\" id=\"field_1coktl\"  data-frmval=\"Compagnia di assicurazioni\" data-reqmsg=\"S\u00e9lectionnez un type de soci\u00e9t\u00e9\" data-invmsg=\"Tipo societ\u00e0 non \u00e8 valido\"  >\n\t\t\t<option value=\"Compagnia di assicurazioni\"  selected=\"selected\" class=\"\">\n\t\t\tCompagnia di assicurazioni\t\t<\/option>\n\t\t\t<option value=\"Mediatore\"  class=\"\">\n\t\t\tMediatore\t\t<\/option>\n\t\t\t<option value=\"Speditore delle merci\"  class=\"\">\n\t\t\tSpeditore delle merci\t\t<\/option>\n\t\t\t<option value=\"Destinatario delle merci\"  class=\"\">\n\t\t\tDestinatario delle merci\t\t<\/option>\n\t\t\t<option value=\"Trasportatore\"  class=\"\">\n\t\t\tTrasportatore\t\t<\/option>\n\t\t\t<option value=\"Trasportatore di automobili\"  class=\"\">\n\t\t\tTrasportatore di automobili\t\t<\/option>\n\t\t\t<option value=\"Venditore delle merci\"  class=\"\">\n\t\t\tVenditore delle merci\t\t<\/option>\n\t\t\t<option value=\"Acquirente delle merci\"  class=\"\">\n\t\t\tAcquirente delle merci\t\t<\/option>\n\t\t\t<option value=\"Altro...\"  class=\"\">\n\t\t\tAltro...\t\t<\/option>\n\t\t<\/select>\n\t\r\n    \r\n<\/div>\n<div id=\"frm_field_255_container\" class=\"form-field  frm_required_field  frm_left_container\">\r\n    <label class=\"frm_pos_ frm_primary_label\">Nome Contatto\r\n        <span class=\"frm_required\">*<\/span>\r\n    <\/label>\r\n    <input type=\"text\" id=\"field_kkwd1v\" name=\"item_meta[255]\" value=\"\"  style=\"width:495px\" data-reqmsg=\"Merci d&#039;indiquer le nom de la personne \u00e0 contacter\" data-invmsg=\"Nome Contatto non \u00e8 valido\" class=\"auto_width\"  \/>\r\n    \r\n<\/div>\n<div id=\"frm_field_256_container\" class=\"form-field  frm_required_field  frm_left_container\">\r\n    <label class=\"frm_pos_ frm_primary_label\">Telefono\r\n        <span class=\"frm_required\">*<\/span>\r\n    <\/label>\r\n    <input type=\"text\" id=\"field_e75yas\" name=\"item_meta[256]\" value=\"\"  style=\"width:360px\" data-reqmsg=\"Merci d&#039;indiquer votre t\u00e9l\u00e9phone\" data-invmsg=\"Telefono non \u00e8 valido\" class=\"auto_width\"  \/>\r\n    \r\n<\/div>\n<div id=\"frm_field_257_container\" class=\"form-field  frm_required_field  frm_left_container\">\r\n    <label class=\"frm_pos_ frm_primary_label\">Fax\r\n        <span class=\"frm_required\"><\/span>\r\n    <\/label>\r\n    <input type=\"text\" id=\"field_ia27lu\" name=\"item_meta[257]\" value=\"\"  style=\"width:360px\" data-reqmsg=\"Fax can&#039;t be blank\" data-invmsg=\"Fax non \u00e8 valido\" class=\"auto_width\"  \/>\r\n    \r\n<\/div>\n<div id=\"frm_field_274_container\" class=\"form-field   frm_left_container\">\r\n    <label class=\"frm_pos_ frm_primary_label\">Email di contatto\r\n        <span class=\"frm_required\"><\/span>\r\n    <\/label>\r\n    <input type=\"email\" id=\"field_pqlzuh\" name=\"item_meta[274]\" value=\"\"  style=\"width:495px\" data-invmsg=\"Adresse mail invalide\" class=\"auto_width\"  \/>\r\n    \r\n<\/div>\n<div id=\"frm_field_260_container\" class=\"form-field   frm_left_container\">\r\n    <label class=\"frm_pos_ frm_primary_label\">Codice IVA per fatturazione\r\n        <span class=\"frm_required\"><\/span>\r\n    <\/label>\r\n    <input type=\"text\" id=\"field_8u1hmn\" name=\"item_meta[260]\" value=\"\"  style=\"width:495px\" data-invmsg=\"Codice IVA per fatturazione non \u00e8 valido\" class=\"auto_width\"  \/>\r\n    \r\n<\/div>\n<div id=\"frm_field_268_container\" class=\"form-field  frm_required_field  frm_left_container\">\r\n    <label class=\"frm_pos_ frm_primary_label\">Indirizzo, via,\r\n        <span class=\"frm_required\">*<\/span>\r\n    <\/label>\r\n    <textarea name=\"item_meta[268]\" id=\"field_cik8lz\" rows=\"2\"  style=\"width:495px\" cols=\"55\" data-reqmsg=\"Merci d&#039;indiquer votre adresse\" data-invmsg=\"Indirizzo, via, non \u00e8 valido\" class=\"auto_width\"  ><\/textarea>\r\n    \r\n<\/div>\n<div id=\"frm_field_254_container\" class=\"form-field  frm_required_field  frm_left_container\">\r\n    <label class=\"frm_pos_ frm_primary_label\">Codice Postale\r\n        <span class=\"frm_required\">*<\/span>\r\n    <\/label>\r\n    <input type=\"text\" id=\"field_6j8e1t\" name=\"item_meta[254]\" value=\"\"  style=\"width:360px\" data-reqmsg=\"Merci d&#039;indiquer le code postal\" data-invmsg=\"Codice Postale non \u00e8 valido\" class=\"auto_width\"  \/>\r\n    \r\n<\/div>\n<div id=\"frm_field_253_container\" class=\"form-field   frm_left_container\">\r\n    <label class=\"frm_pos_ frm_primary_label\">Citt\u00e0\r\n        <span class=\"frm_required\"><\/span>\r\n    <\/label>\r\n    <input type=\"text\" id=\"field_fzam0a\" name=\"item_meta[253]\" value=\"\"  style=\"width:495px\" data-invmsg=\"Citt\u00e0 non \u00e8 valido\" class=\"auto_width\"  \/>\r\n    \r\n<\/div>\n<div id=\"frm_field_261_container\" class=\"form-field   frm_left_container\">\r\n    <label class=\"frm_pos_ frm_primary_label\">Il vostro Riferimento Schienale\r\n        <span class=\"frm_required\"><\/span>\r\n    <\/label>\r\n    <input type=\"text\" id=\"field_yo3u1i\" name=\"item_meta[261]\" value=\"\"  style=\"width:495px\" data-invmsg=\"Il vostro Riferimento Schienale non \u00e8 valido\" class=\"auto_width\"  \/>\r\n    \r\n<\/div>\n<div id=\"frm_field_262_container\" class=\"form-field   frm_left_container\">\r\n    <label class=\"frm_pos_ frm_primary_label\">Note per fatturazione\r\n        <span class=\"frm_required\"><\/span>\r\n    <\/label>\r\n    <textarea name=\"item_meta[262]\" id=\"field_m54ax2\" rows=\"2\"  style=\"width:495px\" cols=\"55\" data-invmsg=\"Note per fatturazione non \u00e8 valido\" class=\"auto_width\"  ><\/textarea>\r\n    \r\n<\/div>\n<h2 class=\"frm_pos_ frm_primary_label\">Continuare...<\/h2>\r\n\n<h2 class=\"frm_pos_ frm_primary_label[collapse_class]\">TIPO DI RICHIESTA<\/h2>\r\n\r\n\n<div id=\"frm_field_259_container\" class=\"form-field  frm_required_field  frm_left_container vertical_radio\">\r\n    <label class=\"frm_pos_ frm_primary_label\">Tipo di Richiesta\r\n        <span class=\"frm_required\">*<\/span>\r\n    <\/label>\r\n    \t\t<div class=\"frm_radio\"><label for=\"field_x9egej-1\">\t\t\t<input type=\"radio\" name=\"item_meta[259]\" id=\"field_x9egej-1\" value=\"NORMALE\"   data-reqmsg=\"Merci d&#039;indiquer le degr\u00e9 d&#039;urgence de votre requ\u00eate\" data-invmsg=\"Tipo di Richiesta non \u00e8 valido\"  \/> NORMALE<\/label><\/div>\n\t\t<div class=\"frm_radio\"><label for=\"field_x9egej-2\">\t\t\t<input type=\"radio\" name=\"item_meta[259]\" id=\"field_x9egej-2\" value=\"URGENTE\"   data-reqmsg=\"Merci d&#039;indiquer le degr\u00e9 d&#039;urgence de votre requ\u00eate\" data-invmsg=\"Tipo di Richiesta non \u00e8 valido\"  \/> URGENTE<\/label><\/div>\n\r\n    \r\n<\/div>\n<div id=\"frm_field_264_container\" class=\"form-field  frm_required_field  frm_left_container\">\r\n    <label class=\"frm_pos_ frm_primary_label\">Oggetto della perizia\r\n        <span class=\"frm_required\">*<\/span>\r\n    <\/label>\r\n    <textarea name=\"item_meta[264]\" id=\"field_jna71e\" rows=\"2\"  style=\"width:495px\" cols=\"55\" data-reqmsg=\"Merci d&#039;indiquer l&#039;objet de l&#039;expertise\" data-invmsg=\"Oggetto della perizia non \u00e8 valido\" class=\"auto_width\"  ><\/textarea>\r\n    \r\n<\/div>\n<div id=\"frm_field_266_container\" class=\"form-field  frm_required_field  frm_left_container\">\r\n    <label class=\"frm_pos_ frm_primary_label\">Tipo di danno\r\n        <span class=\"frm_required\">*<\/span>\r\n    <\/label>\r\n    \t\t<select name=\"item_meta[266]\" id=\"field_3xhk3s\"  data-frmval=\"Selezionare...\" data-reqmsg=\"Merci d&#039;indiquer le type de dommage\" data-invmsg=\"Tipo di danno non \u00e8 valido\"  >\n\t\t\t<option value=\"Selezionare...\"  selected=\"selected\" class=\"\">\n\t\t\tSelezionare...\t\t<\/option>\n\t\t\t<option value=\"Bagna\"  class=\"\">\n\t\t\tBagna\t\t<\/option>\n\t\t\t<option value=\"Bruch\"  class=\"\">\n\t\t\tBruch\t\t<\/option>\n\t\t\t<option value=\"Volo\"  class=\"\">\n\t\t\tVolo\t\t<\/option>\n\t\t\t<option value=\"Capovolgimento\"  class=\"\">\n\t\t\tCapovolgimento\t\t<\/option>\n\t\t\t<option value=\"Autre\"  class=\"\">\n\t\t\tAutre\t\t<\/option>\n\t\t<\/select>\n\t\r\n    \r\n<\/div>\n<div id=\"frm_field_263_container\" class=\"form-field   frm_left_container\">\r\n    <label class=\"frm_pos_ frm_primary_label\">Valore commerciale riguardato\r\n        <span class=\"frm_required\"><\/span>\r\n    <\/label>\r\n    <input type=\"text\" id=\"field_klwzgy\" name=\"item_meta[263]\" value=\"\"  style=\"width:495px\" data-invmsg=\"Valore commerciale riguardato non \u00e8 valido\" class=\"auto_width\"  \/>\r\n    \r\n<\/div>\n<div id=\"frm_field_267_container\" class=\"form-field   frm_left_container\">\r\n    <label class=\"frm_pos_ frm_primary_label\">Tipo di Trasporto (cos\u00ec applicabile)\r\n        <span class=\"frm_required\"><\/span>\r\n    <\/label>\r\n    \t\t<select name=\"item_meta[267]\" id=\"field_sm2gdt\"  data-frmval=\"Selezionare\" data-invmsg=\"Tipo di Trasporto (cos\u00ec applicabile) non \u00e8 valido\"  >\n\t\t\t<option value=\"Selezionare\"  selected=\"selected\" class=\"\">\n\t\t\tSelezionare\t\t<\/option>\n\t\t\t<option value=\"Terrestre\"  class=\"\">\n\t\t\tTerrestre\t\t<\/option>\n\t\t\t<option value=\"Marittimo\"  class=\"\">\n\t\t\tMarittimo\t\t<\/option>\n\t\t\t<option value=\"Aereo\"  class=\"\">\n\t\t\tAereo\t\t<\/option>\n\t\t\t<option value=\"Intermodal\"  class=\"\">\n\t\t\tIntermodal\t\t<\/option>\n\t\t<\/select>\n\t\r\n    \r\n<\/div>\n<div id=\"frm_field_277_container\" class=\"form-field   frm_left_container\">\r\n    <label class=\"frm_pos_ frm_primary_label\">ID. mezzo trasporto\r\n        <span class=\"frm_required\"><\/span>\r\n    <\/label>\r\n    <input type=\"text\" id=\"field_z0qgs0\" name=\"item_meta[277]\" value=\"\"  style=\"width:495px\" data-invmsg=\"ID. mezzo trasporto non \u00e8 valido\" class=\"auto_width\"   aria-describedby=\"frm_desc_field_z0qgs0\"\/>\r\n    <div class=\"frm_description\">Identificazione mezzo di trasporto (targa o dato del veicolo, cos\u00ec applicabile)<\/div>\r\n<\/div>\n<h2 class=\"frm_pos_ frm_primary_label\">Continuare...<\/h2>\r\n\n<h2 class=\"frm_pos_ frm_primary_label[collapse_class]\">LUOGO DI L'INTERVENTO<\/h2>\r\n\r\n\n<div id=\"frm_field_265_container\" class=\"form-field   frm_left_container\">\r\n    <label class=\"frm_pos_ frm_primary_label\">Nome Societ\u00e0 o luogo\r\n        <span class=\"frm_required\"><\/span>\r\n    <\/label>\r\n    <input type=\"text\" id=\"field_yg8q1s\" name=\"item_meta[265]\" value=\"\"  style=\"width:495px\" data-invmsg=\"Nome Societ\u00e0 o luogo non \u00e8 valido\" class=\"auto_width\"  \/>\r\n    \r\n<\/div>\n<div id=\"frm_field_271_container\" class=\"form-field  frm_required_field  frm_left_container\">\r\n    <label class=\"frm_pos_ frm_primary_label\">Indirizzo, via,\r\n        <span class=\"frm_required\">*<\/span>\r\n    <\/label>\r\n    <textarea name=\"item_meta[271]\" id=\"field_bidtzm\" rows=\"2\"  style=\"width:495px\" cols=\"55\" data-reqmsg=\"Merci d&#039;indiquer l&#039;adresse du sinistre\" data-invmsg=\"Indirizzo, via, non \u00e8 valido\" class=\"auto_width\"  ><\/textarea>\r\n    \r\n<\/div>\n<div id=\"frm_field_269_container\" class=\"form-field  frm_required_field  frm_left_container\">\r\n    <label class=\"frm_pos_ frm_primary_label\">Codice Postale\r\n        <span class=\"frm_required\">*<\/span>\r\n    <\/label>\r\n    <input type=\"text\" id=\"field_pekfo9\" name=\"item_meta[269]\" value=\"\"  style=\"width:495px\" data-reqmsg=\"Merci d&#039;indiquer le code postal\" data-invmsg=\"Codice Postale non \u00e8 valido\" class=\"auto_width\"  \/>\r\n    \r\n<\/div>\n<div id=\"frm_field_270_container\" class=\"form-field  frm_required_field  frm_left_container\">\r\n    <label class=\"frm_pos_ frm_primary_label\">Citt\u00e0\r\n        <span class=\"frm_required\">*<\/span>\r\n    <\/label>\r\n    <input type=\"text\" id=\"field_evyb8t\" name=\"item_meta[270]\" value=\"\"  style=\"width:495px\" data-reqmsg=\"Merci d&#039;indiquer la ville\" data-invmsg=\"Citt\u00e0 non \u00e8 valido\" class=\"auto_width\"  \/>\r\n    \r\n<\/div>\n<div id=\"frm_field_273_container\" class=\"form-field  frm_required_field  frm_left_container\">\r\n    <label class=\"frm_pos_ frm_primary_label\">Nessuno a contattare\r\n        <span class=\"frm_required\">*<\/span>\r\n    <\/label>\r\n    <input type=\"text\" id=\"field_giwtlg\" name=\"item_meta[273]\" value=\"\"  style=\"width:495px\" data-reqmsg=\"Merci d&#039;indiquer la personne \u00e0 contacter\" data-invmsg=\"Nessuno a contattare non \u00e8 valido\" class=\"auto_width\"  \/>\r\n    \r\n<\/div>\n<div id=\"frm_field_272_container\" class=\"form-field   frm_left_container\">\r\n    <label class=\"frm_pos_ frm_primary_label\">Telefono\r\n        <span class=\"frm_required\"><\/span>\r\n    <\/label>\r\n    <input type=\"text\" id=\"field_v8c0cl\" name=\"item_meta[272]\" value=\"\"  style=\"width:360px\" data-invmsg=\"Telefono non \u00e8 valido\" class=\"auto_width\"  \/>\r\n    \r\n<\/div>\n<h2 class=\"frm_pos_ frm_primary_label[collapse_class]\">DOCUMENTAZIONE SU IL SINISTRO<\/h2>\r\n\r\n\n<div id=\"frm_field_279_container\" class=\"form-field   frm_left_container\">\r\n    <label class=\"frm_pos_ frm_primary_label\">Unire al formulario\r\n        <span class=\"frm_required\"><\/span>\r\n    <\/label>\r\n    <input type=\"text\" id=\"field_8kljnr\" name=\"item_meta[279]\" value=\"\"  style=\"width:270px\" data-invmsg=\"Unire al formulario non \u00e8 valido\" class=\"auto_width\"  \/>\r\n    \r\n<\/div>\n<input type=\"hidden\" name=\"item_key\" value=\"\" \/>\n<div class=\"frm_submit\">\r\n\r\n<input type=\"submit\" value=\"Envoyer\"  \/>\r\n<img class=\"frm_ajax_loading\" src=\"https:\/\/mat-experts.com\/wp-content\/plugins\/formidable\/images\/ajax_loader.gif\" alt=\"Envoi\" style=\"visibility:hidden;\" \/>\r\n\r\n<\/div><\/div>\n<\/fieldset>\n<\/div>\n<\/form>\n<\/div>\n<\/p>","protected":false},"excerpt":{"rendered":"","protected":false},"author":1,"featured_media":0,"parent":0,"menu_order":23,"comment_status":"closed","ping_status":"closed","template":"","meta":{"_monsterinsights_skip_tracking":false,"_monsterinsights_sitenote_active":false,"_monsterinsights_sitenote_note":"","_monsterinsights_sitenote_category":0},"_links":{"self":[{"href":"https:\/\/mat-experts.com\/it\/wp-json\/wp\/v2\/pages\/10"}],"collection":[{"href":"https:\/\/mat-experts.com\/it\/wp-json\/wp\/v2\/pages"}],"about":[{"href":"https:\/\/mat-experts.com\/it\/wp-json\/wp\/v2\/types\/page"}],"author":[{"embeddable":true,"href":"https:\/\/mat-experts.com\/it\/wp-json\/wp\/v2\/users\/1"}],"replies":[{"embeddable":true,"href":"https:\/\/mat-experts.com\/it\/wp-json\/wp\/v2\/comments?post=10"}],"version-history":[{"count":1,"href":"https:\/\/mat-experts.com\/it\/wp-json\/wp\/v2\/pages\/10\/revisions"}],"predecessor-version":[{"id":971,"href":"https:\/\/mat-experts.com\/it\/wp-json\/wp\/v2\/pages\/10\/revisions\/971"}],"wp:attachment":[{"href":"https:\/\/mat-experts.com\/it\/wp-json\/wp\/v2\/media?parent=10"}],"curies":[{"name":"wp","href":"https:\/\/api.w.org\/{rel}","templated":true}]}}