{"id":300,"date":"2011-03-07T09:26:13","date_gmt":"2011-03-07T09:26:13","guid":{"rendered":"http:\/\/www.experts-marchandises.eu\/"},"modified":"2013-01-25T18:44:38","modified_gmt":"2013-01-25T18:44:38","slug":"demande-dintervention-missions-particulieres","status":"publish","type":"page","link":"https:\/\/mat-experts.com\/en\/demande-dintervention-missions-particulieres\/","title":{"rendered":"<h7>PARTICULAR MISSIONS<\/h7>"},"content":{"rendered":"<p><div class=\"frm_forms  with_frm_style frm_style_style-formidable\" id=\"frm_form_21_container\" >\n<form enctype=\"multipart\/form-data\" method=\"post\" class=\"frm-show-form \" id=\"form_hudcv2\"  >\n<div class=\"frm_form_fields \">\n<fieldset>\n\r\n<div class=\"frm_fields_container\">\n<input type=\"hidden\" name=\"frm_action\" value=\"create\" \/>\n<input type=\"hidden\" name=\"form_id\" value=\"21\" \/>\n<input type=\"hidden\" name=\"frm_hide_fields_21\" id=\"frm_hide_fields_21\" value=\"\" \/>\n<input type=\"hidden\" name=\"form_key\" value=\"hudcv2\" \/>\n<input type=\"hidden\" name=\"item_meta[0]\" value=\"\" \/>\n<input type=\"hidden\" id=\"frm_submit_entry_21\" name=\"frm_submit_entry_21\" value=\"80222cf261\" \/><input type=\"hidden\" name=\"_wp_http_referer\" value=\"\/en\/wp-json\/wp\/v2\/pages\/300\" \/><label for=\"frm_verify_21\" class=\"frm_screen_reader frm_hidden\">If you are human, leave this field blank.<\/label>\n<input type=\"text\" class=\"frm_hidden frm_verify\" id=\"frm_verify_21\" name=\"frm_verify\" value=\"\"  \/>\n<h2 class=\"frm_pos_ frm_primary_label[collapse_class]\">DATA OF THE APPLICANT<\/h2>\r\n\r\n\n<div id=\"frm_field_576_container\" class=\"form-field  frm_required_field  frm_left_container\">\r\n    <label class=\"frm_pos_ frm_primary_label\">Mother House\r\n        <span class=\"frm_required\">*<\/span>\r\n    <\/label>\r\n    <input type=\"text\" id=\"field_7s785x\" name=\"item_meta[576]\" value=\"\"  style=\"width:495px\" data-reqmsg=\"Merci d&#039;indiquer le nom de votre soci\u00e9t\u00e9\" data-invmsg=\"Mother House is invalid\" class=\"auto_width\"  \/>\r\n    \r\n<\/div>\n<div id=\"frm_field_577_container\" class=\"form-field  frm_required_field  frm_left_container\">\r\n    <label class=\"frm_pos_ frm_primary_label\">Company Type\r\n        <span class=\"frm_required\">*<\/span>\r\n    <\/label>\r\n    \t\t<select name=\"item_meta[577]\" id=\"field_7xczsy\"  data-frmval=\"Insurance company\" data-reqmsg=\"S\u00e9lectionnez un type de soci\u00e9t\u00e9\" data-invmsg=\"Company Type is invalid\"  >\n\t\t\t<option value=\"Insurance company\"  selected=\"selected\" class=\"\">\n\t\t\tInsurance company\t\t<\/option>\n\t\t\t<option value=\"Broker\"  class=\"\">\n\t\t\tBroker\t\t<\/option>\n\t\t\t<option value=\"Sender of the goods\"  class=\"\">\n\t\t\tSender of the goods\t\t<\/option>\n\t\t\t<option value=\"Addressee of the goods\"  class=\"\">\n\t\t\tAddressee of the goods\t\t<\/option>\n\t\t\t<option value=\"Carrier\"  class=\"\">\n\t\t\tCarrier\t\t<\/option>\n\t\t\t<option value=\"Valet\"  class=\"\">\n\t\t\tValet\t\t<\/option>\n\t\t\t<option value=\"Salesman of the goods\"  class=\"\">\n\t\t\tSalesman of the goods\t\t<\/option>\n\t\t\t<option value=\"Buyer of the goods\"  class=\"\">\n\t\t\tBuyer of the goods\t\t<\/option>\n\t\t\t<option value=\"Autre\"  class=\"\">\n\t\t\tAutre\t\t<\/option>\n\t\t<\/select>\n\t\r\n    \r\n<\/div>\n<div id=\"frm_field_573_container\" class=\"form-field  frm_required_field  frm_left_container\">\r\n    <label class=\"frm_pos_ frm_primary_label\">Company Name\r\n        <span class=\"frm_required\">*<\/span>\r\n    <\/label>\r\n    <input type=\"text\" id=\"field_e4lji9\" name=\"item_meta[573]\" value=\"\"  style=\"width:495px\" data-reqmsg=\"Merci d&#039;indiquer le nom de la personne \u00e0 contacter\" data-invmsg=\"Company Name is invalid\" class=\"auto_width\"  \/>\r\n    \r\n<\/div>\n<div id=\"frm_field_572_container\" class=\"form-field  frm_required_field  frm_left_container\">\r\n    <label class=\"frm_pos_ frm_primary_label\">Phone\r\n        <span class=\"frm_required\">*<\/span>\r\n    <\/label>\r\n    <input type=\"text\" id=\"field_yux2oj\" name=\"item_meta[572]\" value=\"\"  style=\"width:360px\" data-reqmsg=\"Merci d&#039;indiquer votre t\u00e9l\u00e9phone\" data-invmsg=\"Phone is invalid\" class=\"auto_width\"  \/>\r\n    \r\n<\/div>\n<div id=\"frm_field_571_container\" class=\"form-field   frm_left_container\">\r\n    <label class=\"frm_pos_ frm_primary_label\">Fax\r\n        <span class=\"frm_required\"><\/span>\r\n    <\/label>\r\n    <input type=\"text\" id=\"field_evd2a0\" name=\"item_meta[571]\" value=\"\"  style=\"width:360px\" data-invmsg=\"Fax is invalid\" class=\"auto_width\"  \/>\r\n    \r\n<\/div>\n<div id=\"frm_field_554_container\" class=\"form-field  frm_required_field  frm_left_container\">\r\n    <label class=\"frm_pos_ frm_primary_label\">Contact Email\r\n        <span class=\"frm_required\">*<\/span>\r\n    <\/label>\r\n    <input type=\"email\" id=\"field_h3g60r\" name=\"item_meta[554]\" value=\"\"  style=\"width:495px\" data-reqmsg=\"Adresse mail invalide\" data-invmsg=\"Adresse mail invalide\" class=\"auto_width\"  \/>\r\n    \r\n<\/div>\n<div id=\"frm_field_568_container\" class=\"form-field   frm_left_container\">\r\n    <label class=\"frm_pos_ frm_primary_label\">Code VAT for invoicing\r\n        <span class=\"frm_required\"><\/span>\r\n    <\/label>\r\n    <input type=\"text\" id=\"field_804vvx\" name=\"item_meta[568]\" value=\"\"  style=\"width:495px\" data-invmsg=\"Code VAT for invoicing is invalid\" class=\"auto_width\"  \/>\r\n    \r\n<\/div>\n<div id=\"frm_field_561_container\" class=\"form-field  frm_required_field  frm_left_container\">\r\n    <label class=\"frm_pos_ frm_primary_label\">Address - Street\r\n        <span class=\"frm_required\">*<\/span>\r\n    <\/label>\r\n    <textarea name=\"item_meta[561]\" id=\"field_1oct67\" rows=\"2\"  style=\"width:495px\" cols=\"55\" data-reqmsg=\"Merci d&#039;indiquer votre adresse\" data-invmsg=\"Address - Street is invalid\" class=\"auto_width\"  ><\/textarea>\r\n    \r\n<\/div>\n<div id=\"frm_field_574_container\" class=\"form-field  frm_required_field  frm_left_container\">\r\n    <label class=\"frm_pos_ frm_primary_label\">Postal Code\r\n        <span class=\"frm_required\">*<\/span>\r\n    <\/label>\r\n    <input type=\"text\" id=\"field_7jodf\" name=\"item_meta[574]\" value=\"\"  style=\"width:360px\" data-reqmsg=\"Merci d&#039;indiquer le code postal\" data-invmsg=\"Postal Code is invalid\" class=\"auto_width\"  \/>\r\n    \r\n<\/div>\n<div id=\"frm_field_575_container\" class=\"form-field  frm_required_field  frm_left_container\">\r\n    <label class=\"frm_pos_ frm_primary_label\">Town\r\n        <span class=\"frm_required\">*<\/span>\r\n    <\/label>\r\n    <input type=\"text\" id=\"field_arlo0i\" name=\"item_meta[575]\" value=\"\"  style=\"width:495px\" data-reqmsg=\"Merci d&#039;indiquer la ville\" data-invmsg=\"Town is invalid\" class=\"auto_width\"  \/>\r\n    \r\n<\/div>\n<div id=\"frm_field_567_container\" class=\"form-field  frm_required_field  frm_left_container\">\r\n    <label class=\"frm_pos_ frm_primary_label\">Your Reference\r\n        <span class=\"frm_required\">*<\/span>\r\n    <\/label>\r\n    <input type=\"text\" id=\"field_f1n6fd\" name=\"item_meta[567]\" value=\"\"  style=\"width:495px\" data-reqmsg=\"Merci d&#039;indiquer votre r\u00e9f\u00e9rence de dossier\" data-invmsg=\"Your Reference is invalid\" class=\"auto_width\"  \/>\r\n    \r\n<\/div>\n<div id=\"frm_field_566_container\" class=\"form-field   frm_left_container\">\r\n    <label class=\"frm_pos_ frm_primary_label\">Possible notes for invoicing\r\n        <span class=\"frm_required\"><\/span>\r\n    <\/label>\r\n    <textarea name=\"item_meta[566]\" id=\"field_5rx8pj\" rows=\"2\"  style=\"width:495px\" cols=\"55\" data-invmsg=\"Possible notes for invoicing is invalid\" class=\"auto_width\"  ><\/textarea>\r\n    \r\n<\/div>\n<h2 class=\"frm_pos_ frm_primary_label\">Continue...<\/h2>\r\n\n<h2 class=\"frm_pos_ frm_primary_label[collapse_class]\">TYPE OF REQUEST<\/h2>\r\n\r\n\n<div id=\"frm_field_569_container\" class=\"form-field  frm_required_field  frm_top_container vertical_radio\">\r\n    <label class=\"frm_pos_ frm_primary_label\">Type of request\r\n        <span class=\"frm_required\">*<\/span>\r\n    <\/label>\r\n    \t\t<div class=\"frm_radio\"><label for=\"field_q7e75b-1\">\t\t\t<input type=\"radio\" name=\"item_meta[569]\" id=\"field_q7e75b-1\" value=\"COMMON\"   data-reqmsg=\"Merci d&#039;indiquer le degr\u00e9 d&#039;urgence de votre requ\u00eate\" data-invmsg=\"Type of request is invalid\"  \/> COMMON<\/label><\/div>\n\t\t<div class=\"frm_radio\"><label for=\"field_q7e75b-2\">\t\t\t<input type=\"radio\" name=\"item_meta[569]\" id=\"field_q7e75b-2\" value=\"URGENT\"   data-reqmsg=\"Merci d&#039;indiquer le degr\u00e9 d&#039;urgence de votre requ\u00eate\" data-invmsg=\"Type of request is invalid\"  \/> URGENT<\/label><\/div>\n\r\n    \r\n<\/div>\n<div id=\"frm_field_564_container\" class=\"form-field  frm_required_field  frm_left_container\">\r\n    <label class=\"frm_pos_ frm_primary_label\">Object of the request\r\n        <span class=\"frm_required\">*<\/span>\r\n    <\/label>\r\n    <textarea name=\"item_meta[564]\" id=\"field_cezlmc\" rows=\"2\"  style=\"width:495px\" cols=\"55\" data-reqmsg=\"Merci d&#039;indiquer l&#039;objet de l&#039;expertise\" data-invmsg=\"Object of the request is invalid\" class=\"auto_width\"  ><\/textarea>\r\n    \r\n<\/div>\n<h2 class=\"frm_pos_ frm_primary_label\">Continue...<\/h2>\r\n\n<h2 class=\"frm_pos_ frm_primary_label[collapse_class]\">PLACE OF THE INTERVENTION<\/h2>\r\n\r\n\n<div id=\"frm_field_563_container\" class=\"form-field  frm_required_field  frm_left_container\">\r\n    <label class=\"frm_pos_ frm_primary_label\">Company Name or location\r\n        <span class=\"frm_required\">*<\/span>\r\n    <\/label>\r\n    <input type=\"text\" id=\"field_84n2tr\" name=\"item_meta[563]\" value=\"\"  style=\"width:495px\" data-reqmsg=\"Merci de remplir ce champ\" data-invmsg=\"Company Name or location is invalid\" class=\"auto_width\"  \/>\r\n    \r\n<\/div>\n<div id=\"frm_field_557_container\" class=\"form-field  frm_required_field  frm_left_container\">\r\n    <label class=\"frm_pos_ frm_primary_label\">Address, street\r\n        <span class=\"frm_required\">*<\/span>\r\n    <\/label>\r\n    <textarea name=\"item_meta[557]\" id=\"field_kgttp0\" rows=\"2\"  style=\"width:495px\" cols=\"55\" data-reqmsg=\"Merci d&#039;indiquer l&#039;adresse du sinistre\" data-invmsg=\"Address, street is invalid\" class=\"auto_width\"  ><\/textarea>\r\n    \r\n<\/div>\n<div id=\"frm_field_560_container\" class=\"form-field  frm_required_field  frm_left_container\">\r\n    <label class=\"frm_pos_ frm_primary_label\">County\r\n        <span class=\"frm_required\">*<\/span>\r\n    <\/label>\r\n    <input type=\"text\" id=\"field_ur58w4\" name=\"item_meta[560]\" value=\"\"  style=\"width:495px\" data-reqmsg=\"Merci d&#039;indiquer le code postal\" data-invmsg=\"County is invalid\" class=\"auto_width\"  \/>\r\n    \r\n<\/div>\n<div id=\"frm_field_559_container\" class=\"form-field  frm_required_field  frm_left_container\">\r\n    <label class=\"frm_pos_ frm_primary_label\">Town\r\n        <span class=\"frm_required\">*<\/span>\r\n    <\/label>\r\n    <input type=\"text\" id=\"field_ajqvec\" name=\"item_meta[559]\" value=\"\"  style=\"width:495px\" data-reqmsg=\"Merci d&#039;indiquer la ville\" data-invmsg=\"Town is invalid\" class=\"auto_width\"  \/>\r\n    \r\n<\/div>\n<div id=\"frm_field_555_container\" class=\"form-field  frm_required_field  frm_left_container\">\r\n    <label class=\"frm_pos_ frm_primary_label\">Contact person\r\n        <span class=\"frm_required\">*<\/span>\r\n    <\/label>\r\n    <input type=\"text\" id=\"field_e2scrx\" name=\"item_meta[555]\" value=\"\"  style=\"width:495px\" data-reqmsg=\"Merci d&#039;indiquer la personne \u00e0 contacter\" data-invmsg=\"Contact person is invalid\" class=\"auto_width\"  \/>\r\n    \r\n<\/div>\n<div id=\"frm_field_556_container\" class=\"form-field   frm_left_container\">\r\n    <label class=\"frm_pos_ frm_primary_label\">Phone\r\n        <span class=\"frm_required\"><\/span>\r\n    <\/label>\r\n    <input type=\"text\" id=\"field_7c8evr\" name=\"item_meta[556]\" value=\"\"  style=\"width:360px\" data-invmsg=\"Phone is invalid\" class=\"auto_width\"  \/>\r\n    \r\n<\/div>\n<h2 class=\"frm_pos_ frm_primary_label[collapse_class]\">Documentation of support<\/h2>\r\n\r\n\n<div id=\"frm_field_551_container\" class=\"form-field   frm_left_container\">\r\n    <label class=\"frm_pos_ frm_primary_label\">Attached to the form\r\n        <span class=\"frm_required\"><\/span>\r\n    <\/label>\r\n    <input type=\"text\" id=\"field_go36y9\" name=\"item_meta[551]\" value=\"\"  style=\"width:270px\" data-invmsg=\"Attached to the form is invalid\" class=\"auto_width\"  \/>\r\n    \r\n<\/div>\n<input type=\"hidden\" name=\"item_key\" value=\"\" \/>\n<div class=\"frm_submit\">\r\n\r\n<input type=\"submit\" value=\"Envoyer\"  \/>\r\n<img class=\"frm_ajax_loading\" src=\"https:\/\/mat-experts.com\/wp-content\/plugins\/formidable\/images\/ajax_loader.gif\" alt=\"Envoi\" style=\"visibility:hidden;\" \/>\r\n\r\n<\/div><\/div>\n<\/fieldset>\n<\/div>\n<\/form>\n<\/div>\n<\/p>","protected":false},"excerpt":{"rendered":"","protected":false},"author":2,"featured_media":0,"parent":0,"menu_order":31,"comment_status":"closed","ping_status":"closed","template":"","meta":{"_monsterinsights_skip_tracking":false,"_monsterinsights_sitenote_active":false,"_monsterinsights_sitenote_note":"","_monsterinsights_sitenote_category":0},"_links":{"self":[{"href":"https:\/\/mat-experts.com\/en\/wp-json\/wp\/v2\/pages\/300"}],"collection":[{"href":"https:\/\/mat-experts.com\/en\/wp-json\/wp\/v2\/pages"}],"about":[{"href":"https:\/\/mat-experts.com\/en\/wp-json\/wp\/v2\/types\/page"}],"author":[{"embeddable":true,"href":"https:\/\/mat-experts.com\/en\/wp-json\/wp\/v2\/users\/2"}],"replies":[{"embeddable":true,"href":"https:\/\/mat-experts.com\/en\/wp-json\/wp\/v2\/comments?post=300"}],"version-history":[{"count":0,"href":"https:\/\/mat-experts.com\/en\/wp-json\/wp\/v2\/pages\/300\/revisions"}],"wp:attachment":[{"href":"https:\/\/mat-experts.com\/en\/wp-json\/wp\/v2\/media?parent=300"}],"curies":[{"name":"wp","href":"https:\/\/api.w.org\/{rel}","templated":true}]}}