{"id":298,"date":"2011-03-07T09:24:38","date_gmt":"2011-03-07T09:24:38","guid":{"rendered":"http:\/\/www.experts-marchandises.eu\/"},"modified":"2013-01-25T18:44:38","modified_gmt":"2013-01-25T18:44:38","slug":"demande-dexpertise-iard","status":"publish","type":"page","link":"https:\/\/mat-experts.com\/en\/demande-dexpertise-iard\/","title":{"rendered":"<h7>IARD SURVEY REQUEST<\/h7>"},"content":{"rendered":"<p><div class=\"frm_forms  with_frm_style frm_style_style-formidable\" id=\"frm_form_16_container\" >\n<form enctype=\"multipart\/form-data\" method=\"post\" class=\"frm-show-form \" id=\"form_svwqw8\"  >\n<div class=\"frm_form_fields \">\n<fieldset>\n\r\n<div class=\"frm_fields_container\">\n<input type=\"hidden\" name=\"frm_action\" value=\"create\" \/>\n<input type=\"hidden\" name=\"form_id\" value=\"16\" \/>\n<input type=\"hidden\" name=\"frm_hide_fields_16\" id=\"frm_hide_fields_16\" value=\"\" \/>\n<input type=\"hidden\" name=\"form_key\" value=\"svwqw8\" \/>\n<input type=\"hidden\" name=\"item_meta[0]\" value=\"\" \/>\n<input type=\"hidden\" id=\"frm_submit_entry_16\" name=\"frm_submit_entry_16\" value=\"4033d38485\" \/><input type=\"hidden\" name=\"_wp_http_referer\" value=\"\/en\/wp-json\/wp\/v2\/pages\/298\" \/><label for=\"frm_verify_16\" class=\"frm_screen_reader frm_hidden\">If you are human, leave this field blank.<\/label>\n<input type=\"text\" class=\"frm_hidden frm_verify\" id=\"frm_verify_16\" name=\"frm_verify\" value=\"\"  \/>\n<h2 class=\"frm_pos_ frm_primary_label[collapse_class]\">DATA OF THE APPLICANT<\/h2>\r\n\r\n\n<div id=\"frm_field_387_container\" class=\"form-field  frm_required_field  frm_left_container\">\r\n    <label class=\"frm_pos_ frm_primary_label\">Mother House\r\n        <span class=\"frm_required\">*<\/span>\r\n    <\/label>\r\n    <input type=\"text\" id=\"field_9vsz4l\" name=\"item_meta[387]\" value=\"\"  style=\"width:495px\" data-reqmsg=\"Merci d&#039;indiquer le nom de votre soci\u00e9t\u00e9\" data-invmsg=\"Mother House is invalid\" class=\"auto_width\"  \/>\r\n    \r\n<\/div>\n<div id=\"frm_field_386_container\" class=\"form-field  frm_required_field  frm_left_container\">\r\n    <label class=\"frm_pos_ frm_primary_label\">Company Type\r\n        <span class=\"frm_required\">*<\/span>\r\n    <\/label>\r\n    \t\t<select name=\"item_meta[386]\" id=\"field_scrwwc\"  data-frmval=\"Insurance company\" data-reqmsg=\"S\u00e9lectionnez un type de soci\u00e9t\u00e9\" data-invmsg=\"Company Type is invalid\"  >\n\t\t\t<option value=\"Insurance company\"  selected=\"selected\" class=\"\">\n\t\t\tInsurance company\t\t<\/option>\n\t\t\t<option value=\"Broker\"  class=\"\">\n\t\t\tBroker\t\t<\/option>\n\t\t\t<option value=\"Sender of the goods\"  class=\"\">\n\t\t\tSender of the goods\t\t<\/option>\n\t\t\t<option value=\"Addressee of the goods\"  class=\"\">\n\t\t\tAddressee of the goods\t\t<\/option>\n\t\t\t<option value=\"Carrier\"  class=\"\">\n\t\t\tCarrier\t\t<\/option>\n\t\t\t<option value=\"Valet\"  class=\"\">\n\t\t\tValet\t\t<\/option>\n\t\t\t<option value=\"Salesman of the goods\"  class=\"\">\n\t\t\tSalesman of the goods\t\t<\/option>\n\t\t\t<option value=\"Buyer of the goods\"  class=\"\">\n\t\t\tBuyer of the goods\t\t<\/option>\n\t\t\t<option value=\"Autre\"  class=\"\">\n\t\t\tAutre\t\t<\/option>\n\t\t<\/select>\n\t\r\n    \r\n<\/div>\n<div id=\"frm_field_390_container\" class=\"form-field  frm_required_field  frm_left_container\">\r\n    <label class=\"frm_pos_ frm_primary_label\">Company Name\r\n        <span class=\"frm_required\">*<\/span>\r\n    <\/label>\r\n    <input type=\"text\" id=\"field_ll2jtd\" name=\"item_meta[390]\" value=\"\"  style=\"width:495px\" data-reqmsg=\"Merci d&#039;indiquer le nom de la personne \u00e0 contacter\" data-invmsg=\"Company Name is invalid\" class=\"auto_width\"  \/>\r\n    \r\n<\/div>\n<div id=\"frm_field_391_container\" class=\"form-field  frm_required_field  frm_left_container\">\r\n    <label class=\"frm_pos_ frm_primary_label\">Phone\r\n        <span class=\"frm_required\">*<\/span>\r\n    <\/label>\r\n    <input type=\"text\" id=\"field_lnn48b\" name=\"item_meta[391]\" value=\"\"  style=\"width:360px\" data-reqmsg=\"Merci d&#039;indiquer votre t\u00e9l\u00e9phone\" data-invmsg=\"Phone is invalid\" class=\"auto_width\"  \/>\r\n    \r\n<\/div>\n<div id=\"frm_field_392_container\" class=\"form-field   frm_left_container\">\r\n    <label class=\"frm_pos_ frm_primary_label\">Fax\r\n        <span class=\"frm_required\"><\/span>\r\n    <\/label>\r\n    <input type=\"text\" id=\"field_dzqj69\" name=\"item_meta[392]\" value=\"\"  style=\"width:360px\" data-invmsg=\"Fax is invalid\" class=\"auto_width\"  \/>\r\n    \r\n<\/div>\n<div id=\"frm_field_409_container\" class=\"form-field  frm_required_field  frm_left_container\">\r\n    <label class=\"frm_pos_ frm_primary_label\">Contact Email\r\n        <span class=\"frm_required\">*<\/span>\r\n    <\/label>\r\n    <input type=\"email\" id=\"field_20x7yj\" name=\"item_meta[409]\" value=\"\"  style=\"width:495px\" data-reqmsg=\"Adresse mail invalide\" data-invmsg=\"Adresse mail invalide\" class=\"auto_width\"  \/>\r\n    \r\n<\/div>\n<div id=\"frm_field_395_container\" class=\"form-field   frm_left_container\">\r\n    <label class=\"frm_pos_ frm_primary_label\">Code VAT for invoicing\r\n        <span class=\"frm_required\"><\/span>\r\n    <\/label>\r\n    <input type=\"text\" id=\"field_w5kdbk\" name=\"item_meta[395]\" value=\"\"  style=\"width:495px\" data-invmsg=\"Code VAT for invoicing is invalid\" class=\"auto_width\"  \/>\r\n    \r\n<\/div>\n<div id=\"frm_field_403_container\" class=\"form-field  frm_required_field  frm_left_container\">\r\n    <label class=\"frm_pos_ frm_primary_label\">Address - Street\r\n        <span class=\"frm_required\">*<\/span>\r\n    <\/label>\r\n    <textarea name=\"item_meta[403]\" id=\"field_gpnxz1\" rows=\"2\"  style=\"width:495px\" cols=\"55\" data-reqmsg=\"Merci d&#039;indiquer votre adresse\" data-invmsg=\"Address - Street is invalid\" class=\"auto_width\"  ><\/textarea>\r\n    \r\n<\/div>\n<div id=\"frm_field_389_container\" class=\"form-field  frm_required_field  frm_left_container\">\r\n    <label class=\"frm_pos_ frm_primary_label\">Postal Code\r\n        <span class=\"frm_required\">*<\/span>\r\n    <\/label>\r\n    <input type=\"text\" id=\"field_7jwxe8\" name=\"item_meta[389]\" value=\"\"  style=\"width:360px\" data-reqmsg=\"Merci d&#039;indiquer le code postal\" data-invmsg=\"Postal Code is invalid\" class=\"auto_width\"  \/>\r\n    \r\n<\/div>\n<div id=\"frm_field_388_container\" class=\"form-field  frm_required_field  frm_left_container\">\r\n    <label class=\"frm_pos_ frm_primary_label\">Town\r\n        <span class=\"frm_required\">*<\/span>\r\n    <\/label>\r\n    <input type=\"text\" id=\"field_8gjfya\" name=\"item_meta[388]\" value=\"\"  style=\"width:495px\" data-reqmsg=\"Merci d&#039;indiquer la ville\" data-invmsg=\"Town is invalid\" class=\"auto_width\"  \/>\r\n    \r\n<\/div>\n<div id=\"frm_field_396_container\" class=\"form-field  frm_required_field  frm_left_container\">\r\n    <label class=\"frm_pos_ frm_primary_label\">Your Reference\r\n        <span class=\"frm_required\">*<\/span>\r\n    <\/label>\r\n    <input type=\"text\" id=\"field_5ysgf8\" name=\"item_meta[396]\" value=\"\"  style=\"width:495px\" data-reqmsg=\"Merci d&#039;indiquer votre r\u00e9f\u00e9rence de dossier\" data-invmsg=\"Your Reference is invalid\" class=\"auto_width\"  \/>\r\n    \r\n<\/div>\n<div id=\"frm_field_397_container\" class=\"form-field   frm_left_container\">\r\n    <label class=\"frm_pos_ frm_primary_label\">Services and additional precision\r\n        <span class=\"frm_required\"><\/span>\r\n    <\/label>\r\n    <textarea name=\"item_meta[397]\" id=\"field_66pjz9\" rows=\"2\"  style=\"width:495px\" cols=\"55\" data-invmsg=\"Services and additional precision is invalid\" class=\"auto_width\"  ><\/textarea>\r\n    \r\n<\/div>\n<h2 class=\"frm_pos_ frm_primary_label\">Continue...<\/h2>\r\n\n<h2 class=\"frm_pos_ frm_primary_label[collapse_class]\">TYPE OF REQUEST<\/h2>\r\n\r\n\n<div id=\"frm_field_394_container\" class=\"form-field  frm_required_field  frm_top_container vertical_radio\">\r\n    <label class=\"frm_pos_ frm_primary_label\">Type of request\r\n        <span class=\"frm_required\">*<\/span>\r\n    <\/label>\r\n    \t\t<div class=\"frm_radio\"><label for=\"field_xbi6qw-1\">\t\t\t<input type=\"radio\" name=\"item_meta[394]\" id=\"field_xbi6qw-1\" value=\"COMMON\"   data-reqmsg=\"Merci d&#039;indiquer le degr\u00e9 d&#039;urgence de votre requ\u00eate\" data-invmsg=\"Type of request is invalid\"  \/> COMMON<\/label><\/div>\n\t\t<div class=\"frm_radio\"><label for=\"field_xbi6qw-2\">\t\t\t<input type=\"radio\" name=\"item_meta[394]\" id=\"field_xbi6qw-2\" value=\"URGENT\"   data-reqmsg=\"Merci d&#039;indiquer le degr\u00e9 d&#039;urgence de votre requ\u00eate\" data-invmsg=\"Type of request is invalid\"  \/> URGENT<\/label><\/div>\n\r\n    \r\n<\/div>\n<div id=\"frm_field_399_container\" class=\"form-field  frm_required_field  frm_left_container\">\r\n    <label class=\"frm_pos_ frm_primary_label\">Expertise subject\r\n        <span class=\"frm_required\">*<\/span>\r\n    <\/label>\r\n    <textarea name=\"item_meta[399]\" id=\"field_o8r78k\" rows=\"2\"  style=\"width:495px\" cols=\"55\" data-reqmsg=\"Merci d&#039;indiquer l&#039;objet de l&#039;expertise\" data-invmsg=\"Expertise subject is invalid\" class=\"auto_width\"  ><\/textarea>\r\n    \r\n<\/div>\n<div id=\"frm_field_401_container\" class=\"form-field  frm_required_field  frm_left_container\">\r\n    <label class=\"frm_pos_ frm_primary_label\">Object of the damage\r\n        <span class=\"frm_required\">*<\/span>\r\n    <\/label>\r\n    \t\t<select name=\"item_meta[401]\" id=\"field_g0m02q\"  data-frmval=\"Select...\" data-reqmsg=\"Merci d&#039;indiquer le type de dommage\" data-invmsg=\"Object of the damage is invalid\"  >\n\t\t\t<option value=\"Select...\"  selected=\"selected\" class=\"\">\n\t\t\tSelect...\t\t<\/option>\n\t\t\t<option value=\"Fire\"  class=\"\">\n\t\t\tFire\t\t<\/option>\n\t\t\t<option value=\"Electric phenomenon\"  class=\"\">\n\t\t\tElectric phenomenon\t\t<\/option>\n\t\t\t<option value=\"Flood\"  class=\"\">\n\t\t\tFlood\t\t<\/option>\n\t\t\t<option value=\"Any risks\"  class=\"\">\n\t\t\tAny risks\t\t<\/option>\n\t\t\t<option value=\"C.L. Products\"  class=\"\">\n\t\t\tC.L. Products\t\t<\/option>\n\t\t\t<option value=\"Other\"  class=\"\">\n\t\t\tOther\t\t<\/option>\n\t\t<\/select>\n\t\r\n    \r\n<\/div>\n<div id=\"frm_field_398_container\" class=\"form-field  frm_required_field  frm_left_container\">\r\n    <label class=\"frm_pos_ frm_primary_label\">Stake in the disaster\r\n        <span class=\"frm_required\">*<\/span>\r\n    <\/label>\r\n    <input type=\"text\" id=\"field_s30kbm\" name=\"item_meta[398]\" value=\"\"  style=\"width:495px\" data-reqmsg=\"Valeur marchande concern\u00e9e can&#039;t be blank\" data-invmsg=\"Stake in the disaster is invalid\" class=\"auto_width\"  \/>\r\n    \r\n<\/div>\n<h2 class=\"frm_pos_ frm_primary_label\">Continue...<\/h2>\r\n\n<h2 class=\"frm_pos_ frm_primary_label[collapse_class]\">PLACE OF THE INTERVENTION<\/h2>\r\n\r\n\n<div id=\"frm_field_400_container\" class=\"form-field  frm_required_field  frm_left_container\">\r\n    <label class=\"frm_pos_ frm_primary_label\">Company Name or location\r\n        <span class=\"frm_required\">*<\/span>\r\n    <\/label>\r\n    <input type=\"text\" id=\"field_bnkbn6\" name=\"item_meta[400]\" value=\"\"  style=\"width:495px\" data-reqmsg=\"Merci de remplir ce champ\" data-invmsg=\"Company Name or location is invalid\" class=\"auto_width\"  \/>\r\n    \r\n<\/div>\n<div id=\"frm_field_406_container\" class=\"form-field  frm_required_field  frm_left_container\">\r\n    <label class=\"frm_pos_ frm_primary_label\">Address, street\r\n        <span class=\"frm_required\">*<\/span>\r\n    <\/label>\r\n    <textarea name=\"item_meta[406]\" id=\"field_p7j0z3\" rows=\"2\"  style=\"width:495px\" cols=\"55\" data-reqmsg=\"Merci d&#039;indiquer l&#039;adresse du sinistre\" data-invmsg=\"Address, street is invalid\" class=\"auto_width\"  ><\/textarea>\r\n    \r\n<\/div>\n<div id=\"frm_field_404_container\" class=\"form-field  frm_required_field  frm_left_container\">\r\n    <label class=\"frm_pos_ frm_primary_label\">County\r\n        <span class=\"frm_required\">*<\/span>\r\n    <\/label>\r\n    <input type=\"text\" id=\"field_m5r7y2\" name=\"item_meta[404]\" value=\"\"  style=\"width:495px\" data-reqmsg=\"Merci d&#039;indiquer le code postal\" data-invmsg=\"County is invalid\" class=\"auto_width\"  \/>\r\n    \r\n<\/div>\n<div id=\"frm_field_405_container\" class=\"form-field  frm_required_field  frm_left_container\">\r\n    <label class=\"frm_pos_ frm_primary_label\">Town\r\n        <span class=\"frm_required\">*<\/span>\r\n    <\/label>\r\n    <input type=\"text\" id=\"field_i52qu1\" name=\"item_meta[405]\" value=\"\"  style=\"width:495px\" data-reqmsg=\"Merci d&#039;indiquer la ville\" data-invmsg=\"Town is invalid\" class=\"auto_width\"  \/>\r\n    \r\n<\/div>\n<div id=\"frm_field_408_container\" class=\"form-field  frm_required_field  frm_left_container\">\r\n    <label class=\"frm_pos_ frm_primary_label\">Contact person\r\n        <span class=\"frm_required\">*<\/span>\r\n    <\/label>\r\n    <input type=\"text\" id=\"field_uhd4cf\" name=\"item_meta[408]\" value=\"\"  style=\"width:495px\" data-reqmsg=\"Merci d&#039;indiquer la personne \u00e0 contacter\" data-invmsg=\"Contact person is invalid\" class=\"auto_width\"  \/>\r\n    \r\n<\/div>\n<div id=\"frm_field_407_container\" class=\"form-field   frm_left_container\">\r\n    <label class=\"frm_pos_ frm_primary_label\">Phone\r\n        <span class=\"frm_required\"><\/span>\r\n    <\/label>\r\n    <input type=\"text\" id=\"field_8xzexm\" name=\"item_meta[407]\" value=\"\"  style=\"width:360px\" data-invmsg=\"Phone is invalid\" class=\"auto_width\"  \/>\r\n    \r\n<\/div>\n<h2 class=\"frm_pos_ frm_primary_label[collapse_class]\">DOCUMENTATION ON THE DISASTER<\/h2>\r\n\r\n\n<div id=\"frm_field_414_container\" class=\"form-field   frm_left_container\">\r\n    <label class=\"frm_pos_ frm_primary_label\">Attached to the form\r\n        <span class=\"frm_required\"><\/span>\r\n    <\/label>\r\n    <input type=\"text\" id=\"field_8t9q3e\" name=\"item_meta[414]\" value=\"\"  style=\"width:270px\" data-invmsg=\"Attached to the form is invalid\" class=\"auto_width\"  \/>\r\n    \r\n<\/div>\n<div id=\"frm_field_417_container\" class=\"form-field   frm_left_container\">\r\n    <label class=\"frm_pos_ frm_primary_label\">Particular instructions\r\n        <span class=\"frm_required\"><\/span>\r\n    <\/label>\r\n    <textarea name=\"item_meta[417]\" id=\"field_o7zhmz\" rows=\"2\"  style=\"width:495px\" cols=\"55\" data-invmsg=\"Particular instructions is invalid\" class=\"auto_width\"  ><\/textarea>\r\n    \r\n<\/div>\n<div id=\"frm_field_418_container\" class=\"form-field   frm_top_container vertical_radio\">\r\n    <label class=\"frm_pos_ frm_primary_label\">Contact by\r\n        <span class=\"frm_required\"><\/span>\r\n    <\/label>\r\n    \t\t<div class=\"frm_radio\"><label for=\"field_kwgvkp-0\">\t\t\t<input type=\"radio\" name=\"item_meta[418]\" id=\"field_kwgvkp-0\" value=\"Phone\"   data-invmsg=\"Contact by is invalid\"  \/> Phone<\/label><\/div>\n\t\t<div class=\"frm_radio\"><label for=\"field_kwgvkp-1\">\t\t\t<input type=\"radio\" name=\"item_meta[418]\" id=\"field_kwgvkp-1\" value=\"Email\"   data-invmsg=\"Contact by is invalid\"  \/> Email<\/label><\/div>\n\r\n    \r\n<\/div>\n<input type=\"hidden\" name=\"item_key\" value=\"\" \/>\n<div class=\"frm_submit\">\r\n\r\n<input type=\"submit\" value=\"Envoyer\"  \/>\r\n<img class=\"frm_ajax_loading\" src=\"https:\/\/mat-experts.com\/wp-content\/plugins\/formidable\/images\/ajax_loader.gif\" alt=\"Envoi\" style=\"visibility:hidden;\" \/>\r\n\r\n<\/div><\/div>\n<\/fieldset>\n<\/div>\n<\/form>\n<\/div>\n<\/p>","protected":false},"excerpt":{"rendered":"","protected":false},"author":2,"featured_media":0,"parent":0,"menu_order":30,"comment_status":"closed","ping_status":"closed","template":"","meta":{"_monsterinsights_skip_tracking":false,"_monsterinsights_sitenote_active":false,"_monsterinsights_sitenote_note":"","_monsterinsights_sitenote_category":0},"_links":{"self":[{"href":"https:\/\/mat-experts.com\/en\/wp-json\/wp\/v2\/pages\/298"}],"collection":[{"href":"https:\/\/mat-experts.com\/en\/wp-json\/wp\/v2\/pages"}],"about":[{"href":"https:\/\/mat-experts.com\/en\/wp-json\/wp\/v2\/types\/page"}],"author":[{"embeddable":true,"href":"https:\/\/mat-experts.com\/en\/wp-json\/wp\/v2\/users\/2"}],"replies":[{"embeddable":true,"href":"https:\/\/mat-experts.com\/en\/wp-json\/wp\/v2\/comments?post=298"}],"version-history":[{"count":0,"href":"https:\/\/mat-experts.com\/en\/wp-json\/wp\/v2\/pages\/298\/revisions"}],"wp:attachment":[{"href":"https:\/\/mat-experts.com\/en\/wp-json\/wp\/v2\/media?parent=298"}],"curies":[{"name":"wp","href":"https:\/\/api.w.org\/{rel}","templated":true}]}}