{"id":10,"date":"2011-02-06T13:13:39","date_gmt":"2011-02-06T13:13:39","guid":{"rendered":"http:\/\/www.experts-marchandises.eu\/"},"modified":"2016-01-09T08:32:16","modified_gmt":"2016-01-09T07:32:16","slug":"demande-dexpertise","status":"publish","type":"page","link":"https:\/\/mat-experts.com\/en\/demande-dexpertise\/","title":{"rendered":"<h7>SURVEY REQUEST<\/h7>"},"content":{"rendered":"<p><div class=\"frm_forms  with_frm_style frm_style_style-formidable\" id=\"frm_form_11_container\" >\n<form enctype=\"multipart\/form-data\" method=\"post\" class=\"frm-show-form \" id=\"form_vamo0l\"  >\n<div class=\"frm_form_fields \">\n<fieldset>\n\r\n<div class=\"frm_fields_container\">\n<input type=\"hidden\" name=\"frm_action\" value=\"create\" \/>\n<input type=\"hidden\" name=\"form_id\" value=\"11\" \/>\n<input type=\"hidden\" name=\"frm_hide_fields_11\" id=\"frm_hide_fields_11\" value=\"\" \/>\n<input type=\"hidden\" name=\"form_key\" value=\"vamo0l\" \/>\n<input type=\"hidden\" name=\"item_meta[0]\" value=\"\" \/>\n<input type=\"hidden\" id=\"frm_submit_entry_11\" name=\"frm_submit_entry_11\" value=\"80222cf261\" \/><input type=\"hidden\" name=\"_wp_http_referer\" value=\"\/en\/wp-json\/wp\/v2\/pages\/10\" \/><label for=\"frm_verify_11\" class=\"frm_screen_reader frm_hidden\">If you are human, leave this field blank.<\/label>\n<input type=\"text\" class=\"frm_hidden frm_verify\" id=\"frm_verify_11\" name=\"frm_verify\" value=\"\"  \/>\n<h2 class=\"frm_pos_ frm_primary_label[collapse_class]\">DATA OF THE APPLICANT<\/h2>\r\n\r\n\n<div id=\"frm_field_223_container\" class=\"form-field  frm_required_field  frm_left_container\">\r\n    <label class=\"frm_pos_ frm_primary_label\">Society\r\n        <span class=\"frm_required\">*<\/span>\r\n    <\/label>\r\n    <input type=\"text\" id=\"field_2l0qyv\" name=\"item_meta[223]\" value=\"\"  style=\"width:495px\" data-reqmsg=\"Merci d&#039;indiquer le nom de votre soci\u00e9t\u00e9\" data-invmsg=\"Society is invalid\" class=\"auto_width\"  \/>\r\n    \r\n<\/div>\n<div id=\"frm_field_222_container\" class=\"form-field  frm_required_field  frm_left_container\">\r\n    <label class=\"frm_pos_ frm_primary_label\">Company Type\r\n        <span class=\"frm_required\">*<\/span>\r\n    <\/label>\r\n    \t\t<select name=\"item_meta[222]\" id=\"field_kzc3rc\"  data-frmval=\"Insurance company\" data-reqmsg=\"S\u00e9lectionnez un type de soci\u00e9t\u00e9\" data-invmsg=\"Company Type is invalid\"  >\n\t\t\t<option value=\"Insurance company\"  selected=\"selected\" class=\"\">\n\t\t\tInsurance company\t\t<\/option>\n\t\t\t<option value=\"Broker\"  class=\"\">\n\t\t\tBroker\t\t<\/option>\n\t\t\t<option value=\"Sender of the goods\"  class=\"\">\n\t\t\tSender of the goods\t\t<\/option>\n\t\t\t<option value=\"Addressee of the goods\"  class=\"\">\n\t\t\tAddressee of the goods\t\t<\/option>\n\t\t\t<option value=\"Carrier\"  class=\"\">\n\t\t\tCarrier\t\t<\/option>\n\t\t\t<option value=\"Valet\"  class=\"\">\n\t\t\tValet\t\t<\/option>\n\t\t\t<option value=\"Salesman of the goods\"  class=\"\">\n\t\t\tSalesman of the goods\t\t<\/option>\n\t\t\t<option value=\"Buyer of the goods\"  class=\"\">\n\t\t\tBuyer of the goods\t\t<\/option>\n\t\t\t<option value=\"Autre\"  class=\"\">\n\t\t\tAutre\t\t<\/option>\n\t\t<\/select>\n\t\r\n    \r\n<\/div>\n<div id=\"frm_field_226_container\" class=\"form-field  frm_required_field  frm_left_container\">\r\n    <label class=\"frm_pos_ frm_primary_label\">Contact Name\r\n        <span class=\"frm_required\">*<\/span>\r\n    <\/label>\r\n    <input type=\"text\" id=\"field_4oi06\" name=\"item_meta[226]\" value=\"\"  style=\"width:495px\" data-reqmsg=\"Merci d&#039;indiquer le nom de la personne \u00e0 contacter\" data-invmsg=\"Contact Name is invalid\" class=\"auto_width\"  \/>\r\n    \r\n<\/div>\n<div id=\"frm_field_227_container\" class=\"form-field  frm_required_field  frm_left_container\">\r\n    <label class=\"frm_pos_ frm_primary_label\">Phone\r\n        <span class=\"frm_required\">*<\/span>\r\n    <\/label>\r\n    <input type=\"text\" id=\"field_4qnkd3\" name=\"item_meta[227]\" value=\"\"  style=\"width:360px\" data-reqmsg=\"Merci d&#039;indiquer votre t\u00e9l\u00e9phone\" data-invmsg=\"Phone is invalid\" class=\"auto_width\"  \/>\r\n    \r\n<\/div>\n<div id=\"frm_field_228_container\" class=\"form-field   frm_left_container\">\r\n    <label class=\"frm_pos_ frm_primary_label\">Fax\r\n        <span class=\"frm_required\"><\/span>\r\n    <\/label>\r\n    <input type=\"text\" id=\"field_hgv80y\" name=\"item_meta[228]\" value=\"\"  style=\"width:360px\" data-invmsg=\"Fax is invalid\" class=\"auto_width\"  \/>\r\n    \r\n<\/div>\n<div id=\"frm_field_245_container\" class=\"form-field  frm_required_field  frm_left_container\">\r\n    <label class=\"frm_pos_ frm_primary_label\">Contact Email\r\n        <span class=\"frm_required\">*<\/span>\r\n    <\/label>\r\n    <input type=\"email\" id=\"field_zz9xq2\" name=\"item_meta[245]\" value=\"\"  style=\"width:495px\" data-reqmsg=\"Adresse mail invalide\" data-invmsg=\"Adresse mail invalide\" class=\"auto_width\"  \/>\r\n    \r\n<\/div>\n<div id=\"frm_field_231_container\" class=\"form-field   frm_left_container\">\r\n    <label class=\"frm_pos_ frm_primary_label\">Code VAT for invoicing\r\n        <span class=\"frm_required\"><\/span>\r\n    <\/label>\r\n    <input type=\"text\" id=\"field_35fjvx\" name=\"item_meta[231]\" value=\"\"  style=\"width:495px\" data-invmsg=\"Code VAT for invoicing is invalid\" class=\"auto_width\"  \/>\r\n    \r\n<\/div>\n<div id=\"frm_field_239_container\" class=\"form-field  frm_required_field  frm_left_container\">\r\n    <label class=\"frm_pos_ frm_primary_label\">Address - Street\r\n        <span class=\"frm_required\">*<\/span>\r\n    <\/label>\r\n    <textarea name=\"item_meta[239]\" id=\"field_j8nfzn\" rows=\"2\"  style=\"width:495px\" cols=\"55\" data-reqmsg=\"Merci d&#039;indiquer votre adresse\" data-invmsg=\"Address - Street is invalid\" class=\"auto_width\"  ><\/textarea>\r\n    \r\n<\/div>\n<div id=\"frm_field_225_container\" class=\"form-field  frm_required_field  frm_left_container\">\r\n    <label class=\"frm_pos_ frm_primary_label\">Postal Code\r\n        <span class=\"frm_required\">*<\/span>\r\n    <\/label>\r\n    <input type=\"text\" id=\"field_ag0xpz\" name=\"item_meta[225]\" value=\"\"  style=\"width:360px\" data-reqmsg=\"Merci d&#039;indiquer le code postal\" data-invmsg=\"Postal Code is invalid\" class=\"auto_width\"  \/>\r\n    \r\n<\/div>\n<div id=\"frm_field_224_container\" class=\"form-field  frm_required_field  frm_left_container\">\r\n    <label class=\"frm_pos_ frm_primary_label\">Town\r\n        <span class=\"frm_required\">*<\/span>\r\n    <\/label>\r\n    <input type=\"text\" id=\"field_hrx6q4\" name=\"item_meta[224]\" value=\"\"  style=\"width:495px\" data-reqmsg=\"Merci d&#039;indiquer la ville\" data-invmsg=\"Town is invalid\" class=\"auto_width\"  \/>\r\n    \r\n<\/div>\n<div id=\"frm_field_232_container\" class=\"form-field  frm_required_field  frm_left_container\">\r\n    <label class=\"frm_pos_ frm_primary_label\">Your Reference\r\n        <span class=\"frm_required\">*<\/span>\r\n    <\/label>\r\n    <input type=\"text\" id=\"field_6kuu0j\" name=\"item_meta[232]\" value=\"\"  style=\"width:495px\" data-reqmsg=\"Merci d&#039;indiquer votre r\u00e9f\u00e9rence de dossier\" data-invmsg=\"Your Reference is invalid\" class=\"auto_width\"  \/>\r\n    \r\n<\/div>\n<div id=\"frm_field_233_container\" class=\"form-field   frm_left_container\">\r\n    <label class=\"frm_pos_ frm_primary_label\">Notes for invoicing\r\n        <span class=\"frm_required\"><\/span>\r\n    <\/label>\r\n    <textarea name=\"item_meta[233]\" id=\"field_nqtiec\" rows=\"2\"  style=\"width:495px\" cols=\"55\" data-invmsg=\"Notes for invoicing is invalid\" class=\"auto_width\"  ><\/textarea>\r\n    \r\n<\/div>\n<h2 class=\"frm_pos_ frm_primary_label\">Continue...<\/h2>\r\n\n<h2 class=\"frm_pos_ frm_primary_label[collapse_class]\">TYPE OF REQUEST<\/h2>\r\n\r\n\n<div id=\"frm_field_230_container\" class=\"form-field  frm_required_field  frm_top_container vertical_radio\">\r\n    <label class=\"frm_pos_ frm_primary_label\">Type of request\r\n        <span class=\"frm_required\">*<\/span>\r\n    <\/label>\r\n    \t\t<div class=\"frm_radio\"><label for=\"field_tbbyh9-1\">\t\t\t<input type=\"radio\" name=\"item_meta[230]\" id=\"field_tbbyh9-1\" value=\"COMMON\"   data-reqmsg=\"Merci d&#039;indiquer le degr\u00e9 d&#039;urgence de votre requ\u00eate\" data-invmsg=\"Type of request is invalid\"  \/> COMMON<\/label><\/div>\n\t\t<div class=\"frm_radio\"><label for=\"field_tbbyh9-2\">\t\t\t<input type=\"radio\" name=\"item_meta[230]\" id=\"field_tbbyh9-2\" value=\"URGENT\"   data-reqmsg=\"Merci d&#039;indiquer le degr\u00e9 d&#039;urgence de votre requ\u00eate\" data-invmsg=\"Type of request is invalid\"  \/> URGENT<\/label><\/div>\n\r\n    \r\n<\/div>\n<div id=\"frm_field_235_container\" class=\"form-field  frm_required_field  frm_left_container\">\r\n    <label class=\"frm_pos_ frm_primary_label\">Expertise subject\r\n        <span class=\"frm_required\">*<\/span>\r\n    <\/label>\r\n    <textarea name=\"item_meta[235]\" id=\"field_bk8uco\" rows=\"2\"  style=\"width:495px\" cols=\"55\" data-reqmsg=\"Merci d&#039;indiquer l&#039;objet de l&#039;expertise\" data-invmsg=\"Expertise subject is invalid\" class=\"auto_width\"  ><\/textarea>\r\n    \r\n<\/div>\n<div id=\"frm_field_237_container\" class=\"form-field  frm_required_field  frm_left_container\">\r\n    <label class=\"frm_pos_ frm_primary_label\">Dammage Type\r\n        <span class=\"frm_required\">*<\/span>\r\n    <\/label>\r\n    \t\t<select name=\"item_meta[237]\" id=\"field_oc75jw\"  data-frmval=\"Select...\" data-reqmsg=\"Merci d&#039;indiquer le type de dommage\" data-invmsg=\"Dammage Type is invalid\"  >\n\t\t\t<option value=\"Select...\"  selected=\"selected\" class=\"\">\n\t\t\tSelect...\t\t<\/option>\n\t\t\t<option value=\"Wet\"  class=\"\">\n\t\t\tWet\t\t<\/option>\n\t\t\t<option value=\"Break\"  class=\"\">\n\t\t\tBreak\t\t<\/option>\n\t\t\t<option value=\"Theft\"  class=\"\">\n\t\t\tTheft\t\t<\/option>\n\t\t\t<option value=\"Reversal\"  class=\"\">\n\t\t\tReversal\t\t<\/option>\n\t\t\t<option value=\"Other\"  class=\"\">\n\t\t\tOther\t\t<\/option>\n\t\t<\/select>\n\t\r\n    \r\n<\/div>\n<div id=\"frm_field_234_container\" class=\"form-field  frm_required_field  frm_left_container\">\r\n    <label class=\"frm_pos_ frm_primary_label\">Goods value\r\n        <span class=\"frm_required\">*<\/span>\r\n    <\/label>\r\n    <input type=\"text\" id=\"field_qwy4j0\" name=\"item_meta[234]\" value=\"\"  style=\"width:495px\" data-reqmsg=\"Valeur marchande concern\u00e9e can&#039;t be blank\" data-invmsg=\"Goods value is invalid\" class=\"auto_width\"  \/>\r\n    \r\n<\/div>\n<div id=\"frm_field_238_container\" class=\"form-field   frm_left_container\">\r\n    <label class=\"frm_pos_ frm_primary_label\">Transport Type\r\n        <span class=\"frm_required\"><\/span>\r\n    <\/label>\r\n    \t\t<select name=\"item_meta[238]\" id=\"field_3sjkc8\"  data-frmval=\"Select...\" data-invmsg=\"Transport Type is invalid\"  >\n\t\t\t<option value=\"Select...\"  selected=\"selected\" class=\"\">\n\t\t\tSelect...\t\t<\/option>\n\t\t\t<option value=\"By road\"  class=\"\">\n\t\t\tBy road\t\t<\/option>\n\t\t\t<option value=\"By sea or by river\"  class=\"\">\n\t\t\tBy sea or by river\t\t<\/option>\n\t\t\t<option value=\"By air\"  class=\"\">\n\t\t\tBy air\t\t<\/option>\n\t\t\t<option value=\"Intermodal\"  class=\"\">\n\t\t\tIntermodal\t\t<\/option>\n\t\t<\/select>\n\t\r\n    \r\n<\/div>\n<div id=\"frm_field_248_container\" class=\"form-field   frm_left_container\">\r\n    <label class=\"frm_pos_ frm_primary_label\">ID. type of transport\r\n        <span class=\"frm_required\"><\/span>\r\n    <\/label>\r\n    <input type=\"text\" id=\"field_9czj45\" name=\"item_meta[248]\" value=\"\"  style=\"width:495px\" data-invmsg=\"ID. type of transport is invalid\" class=\"auto_width\"   aria-describedby=\"frm_desc_field_9czj45\"\/>\r\n    <div class=\"frm_description\">Identification moyen de transport (plaque d'immatriculation ou donn\u00e9es du v\u00e9hicule, si applicable)<\/div>\r\n<\/div>\n<h2 class=\"frm_pos_ frm_primary_label\">Continue...<\/h2>\r\n\n<h2 class=\"frm_pos_ frm_primary_label[collapse_class]\">PLACE OF THE INTERVENTION<\/h2>\r\n\r\n\n<div id=\"frm_field_236_container\" class=\"form-field  frm_required_field  frm_left_container\">\r\n    <label class=\"frm_pos_ frm_primary_label\">Company Name or location\r\n        <span class=\"frm_required\">*<\/span>\r\n    <\/label>\r\n    <input type=\"text\" id=\"field_siythl\" name=\"item_meta[236]\" value=\"\"  style=\"width:495px\" data-reqmsg=\"Merci de remplir ce champ\" data-invmsg=\"Company Name or location is invalid\" class=\"auto_width\"  \/>\r\n    \r\n<\/div>\n<div id=\"frm_field_242_container\" class=\"form-field  frm_required_field  frm_left_container\">\r\n    <label class=\"frm_pos_ frm_primary_label\">Address, street\r\n        <span class=\"frm_required\">*<\/span>\r\n    <\/label>\r\n    <textarea name=\"item_meta[242]\" id=\"field_9pe1y6\" rows=\"2\"  style=\"width:495px\" cols=\"55\" data-reqmsg=\"Merci d&#039;indiquer l&#039;adresse du sinistre\" data-invmsg=\"Address, street is invalid\" class=\"auto_width\"  ><\/textarea>\r\n    \r\n<\/div>\n<div id=\"frm_field_240_container\" class=\"form-field  frm_required_field  frm_left_container\">\r\n    <label class=\"frm_pos_ frm_primary_label\">County\r\n        <span class=\"frm_required\">*<\/span>\r\n    <\/label>\r\n    <input type=\"text\" id=\"field_tlqtro\" name=\"item_meta[240]\" value=\"\"  style=\"width:495px\" data-reqmsg=\"Merci d&#039;indiquer le code postal\" data-invmsg=\"County is invalid\" class=\"auto_width\"  \/>\r\n    \r\n<\/div>\n<div id=\"frm_field_241_container\" class=\"form-field  frm_required_field  frm_left_container\">\r\n    <label class=\"frm_pos_ frm_primary_label\">Town\r\n        <span class=\"frm_required\">*<\/span>\r\n    <\/label>\r\n    <input type=\"text\" id=\"field_uij415\" name=\"item_meta[241]\" value=\"\"  style=\"width:495px\" data-reqmsg=\"Merci d&#039;indiquer la ville\" data-invmsg=\"Town is invalid\" class=\"auto_width\"  \/>\r\n    \r\n<\/div>\n<div id=\"frm_field_244_container\" class=\"form-field  frm_required_field  frm_top_container\">\r\n    <label class=\"frm_pos_ frm_primary_label\">Contact person\r\n        <span class=\"frm_required\"><\/span>\r\n    <\/label>\r\n    <input type=\"text\" id=\"field_m0v4p7\" name=\"item_meta[244]\" value=\"\"  data-reqmsg=\"This field cannot be blank.\" data-invmsg=\"Contact person is invalid\"  \/>\r\n    \r\n<\/div>\n<div id=\"frm_field_243_container\" class=\"form-field   frm_top_container\">\r\n    <label class=\"frm_pos_ frm_primary_label\">Phone\r\n        <span class=\"frm_required\"><\/span>\r\n    <\/label>\r\n    <input type=\"text\" id=\"field_3a3dyj\" name=\"item_meta[243]\" value=\"\"  data-invmsg=\"Phone is invalid\"  \/>\r\n    \r\n<\/div>\n<h2 class=\"frm_pos_ frm_primary_label[collapse_class]\">DOCUMENTATION ON THE DISASTER<\/h2>\r\n\r\n\n<div id=\"frm_field_250_container\" class=\"form-field   frm_top_container\">\r\n    <label class=\"frm_pos_ frm_primary_label\">Attached to the form\r\n        <span class=\"frm_required\"><\/span>\r\n    <\/label>\r\n    <input type=\"text\" id=\"field_l1o4\" name=\"item_meta[250]\" value=\"\"  data-invmsg=\"Attached to the form is invalid\"  \/>\r\n    \r\n<\/div>\n<input type=\"hidden\" name=\"item_key\" value=\"\" \/>\n<div class=\"frm_submit\">\r\n\r\n<input type=\"submit\" value=\"Envoyer\"  \/>\r\n<img class=\"frm_ajax_loading\" src=\"https:\/\/mat-experts.com\/wp-content\/plugins\/formidable\/images\/ajax_loader.gif\" alt=\"Envoi\" style=\"visibility:hidden;\" \/>\r\n\r\n<\/div><\/div>\n<\/fieldset>\n<\/div>\n<\/form>\n<\/div>\n<\/p>","protected":false},"excerpt":{"rendered":"","protected":false},"author":1,"featured_media":0,"parent":0,"menu_order":23,"comment_status":"closed","ping_status":"closed","template":"","meta":{"_monsterinsights_skip_tracking":false,"_monsterinsights_sitenote_active":false,"_monsterinsights_sitenote_note":"","_monsterinsights_sitenote_category":0},"_links":{"self":[{"href":"https:\/\/mat-experts.com\/en\/wp-json\/wp\/v2\/pages\/10"}],"collection":[{"href":"https:\/\/mat-experts.com\/en\/wp-json\/wp\/v2\/pages"}],"about":[{"href":"https:\/\/mat-experts.com\/en\/wp-json\/wp\/v2\/types\/page"}],"author":[{"embeddable":true,"href":"https:\/\/mat-experts.com\/en\/wp-json\/wp\/v2\/users\/1"}],"replies":[{"embeddable":true,"href":"https:\/\/mat-experts.com\/en\/wp-json\/wp\/v2\/comments?post=10"}],"version-history":[{"count":1,"href":"https:\/\/mat-experts.com\/en\/wp-json\/wp\/v2\/pages\/10\/revisions"}],"predecessor-version":[{"id":971,"href":"https:\/\/mat-experts.com\/en\/wp-json\/wp\/v2\/pages\/10\/revisions\/971"}],"wp:attachment":[{"href":"https:\/\/mat-experts.com\/en\/wp-json\/wp\/v2\/media?parent=10"}],"curies":[{"name":"wp","href":"https:\/\/api.w.org\/{rel}","templated":true}]}}