{"id":4,"date":"2011-02-06T13:11:14","date_gmt":"2011-02-06T13:11:14","guid":{"rendered":"http:\/\/www.mat-experts.com\/?page_id=4"},"modified":"2016-01-12T10:06:12","modified_gmt":"2016-01-12T09:06:12","slug":"accueil","status":"publish","type":"page","link":"https:\/\/mat-experts.com\/de\/","title":{"rendered":"Aufnahme"},"content":{"rendered":"<p><strong>MAT-EXPERTS &#8211; In den Irdischen, Luftigen, maritimen Bef\u00f6rderungen Begutachten<\/strong><\/p>\n<table>\n<tbody>\n<tr>\n<td><img style=\"border: 3px solid #8b8a8a;\" src=\"http:\/\/mat-experts.com\/wp-content\/uploads\/2015\/11\/tanker11.jpg\" alt=\"MAT-EXPERTS - In den Irdischen, Luftigen, maritimen Bef\u00f6rderungen Begutachten\" width=\"140px\"\/><\/td>\n<td>MAT-EXPERTS ist <b>Expertise \/ Rat <\/b> auf den Seegebieten, des Flugwesens und der G\u00fcterbef\u00f6rderungen spezialisiert.<\/td>\n<\/tr>\n<tr>\n<td><img style=\"border: 3px solid #8b8a8a;\" src=\"http:\/\/www.mat-experts.com\/wp-content\/uploads\/2011\/02\/avion.jpg\" alt=\"MAT-EXPERTS - In den Irdischen, Luftigen, maritimen Bef\u00f6rderungen Begutachten\" width=\"140px\"\/><\/td>\n<td>Alle diejenigen, die eine Expertise fragen, haben die Notwendigkeit, \u00fcber die Gr\u00fcnde und die Folgen der Katastrophe ununterbrochen informiert zu sein.<\/td>\n<\/tr>\n<tr>\n<td><img style=\"border: 3px solid #8b8a8a;\" src=\"http:\/\/www.mat-experts.com\/wp-content\/uploads\/2011\/02\/tgv1.jpg\" alt=\"MAT-EXPERTS - In den Irdischen, Luftigen, maritimen Bef\u00f6rderungen Begutachten\" width=\"140px\" \/><\/td>\n<td>Innerhalb von 48 Stunden nach erster Intervention ist eine Betreuungsanmerkung dem Vollmachtgeber gesandt, um ihm die Gr\u00fcnde des Ereignisses bekannt zu machen und ihm zu erlauben, die Eins\u00e4tze zu sch\u00e4tzen.<\/td>\n<\/tr>\n<tr>\n<td><img style=\"border: 3px solid #8b8a8a;\" src=\"http:\/\/www.mat-experts.com\/wp-content\/uploads\/2011\/02\/transport.jpg\" alt=\"MAT-EXPERTS - In den Irdischen, Luftigen, maritimen Bef\u00f6rderungen Begutachten\" width=\"140px\" \/><\/td>\n<td>Unsere Berichte sind in der Akte Papier abgestellt und k\u00f6nnen auch von elektronischer Post gesandt sein.<\/td>\n<\/tr>\n<tr>\n<td><\/td>\n<td>Jeder Bericht von Expertise ist mit Anlagen begleitet, die der Berufung und der Erhaltung der Beweise n\u00fctzlich sind.<\/td>\n<\/tr>\n<\/tbody>\n<\/table>\n<p><\/p>","protected":false},"excerpt":{"rendered":"<p>MAT-EXPERTS &#8211; In den Irdischen, Luftigen, maritimen Bef\u00f6rderungen Begutachten MAT-EXPERTS ist Expertise \/ Rat auf den Seegebieten, des Flugwesens und der G\u00fcterbef\u00f6rderungen spezialisiert. Alle diejenigen, die eine Expertise fragen, haben die Notwendigkeit, \u00fcber die Gr\u00fcnde und die Folgen der Katastrophe ununterbrochen informiert zu sein. Innerhalb von 48 Stunden nach erster Intervention ist eine Betreuungsanmerkung dem &hellip; <\/p>\n","protected":false},"author":1,"featured_media":0,"parent":0,"menu_order":3,"comment_status":"closed","ping_status":"closed","template":"","meta":{"_monsterinsights_skip_tracking":false,"_monsterinsights_sitenote_active":false,"_monsterinsights_sitenote_note":"","_monsterinsights_sitenote_category":0},"_links":{"self":[{"href":"https:\/\/mat-experts.com\/de\/wp-json\/wp\/v2\/pages\/4"}],"collection":[{"href":"https:\/\/mat-experts.com\/de\/wp-json\/wp\/v2\/pages"}],"about":[{"href":"https:\/\/mat-experts.com\/de\/wp-json\/wp\/v2\/types\/page"}],"author":[{"embeddable":true,"href":"https:\/\/mat-experts.com\/de\/wp-json\/wp\/v2\/users\/1"}],"replies":[{"embeddable":true,"href":"https:\/\/mat-experts.com\/de\/wp-json\/wp\/v2\/comments?post=4"}],"version-history":[{"count":10,"href":"https:\/\/mat-experts.com\/de\/wp-json\/wp\/v2\/pages\/4\/revisions"}],"predecessor-version":[{"id":1018,"href":"https:\/\/mat-experts.com\/de\/wp-json\/wp\/v2\/pages\/4\/revisions\/1018"}],"wp:attachment":[{"href":"https:\/\/mat-experts.com\/de\/wp-json\/wp\/v2\/media?parent=4"}],"curies":[{"name":"wp","href":"https:\/\/api.w.org\/{rel}","templated":true}]}}