{"id":300,"date":"2011-03-07T09:26:13","date_gmt":"2011-03-07T09:26:13","guid":{"rendered":"http:\/\/www.experts-marchandises.eu\/"},"modified":"2013-01-25T18:44:38","modified_gmt":"2013-01-25T18:44:38","slug":"demande-dintervention-missions-particulieres","status":"publish","type":"page","link":"https:\/\/mat-experts.com\/de\/demande-dintervention-missions-particulieres\/","title":{"rendered":"<h7>BESONDEREN MISSIONEN<\/h7>"},"content":{"rendered":"<p><div class=\"frm_forms  with_frm_style frm_style_style-formidable\" id=\"frm_form_19_container\" >\n<form enctype=\"multipart\/form-data\" method=\"post\" class=\"frm-show-form \" id=\"form_duo7sp\"  >\n<div class=\"frm_form_fields \">\n<fieldset>\n\r\n<div class=\"frm_fields_container\">\n<input type=\"hidden\" name=\"frm_action\" value=\"create\" \/>\n<input type=\"hidden\" name=\"form_id\" value=\"19\" \/>\n<input type=\"hidden\" name=\"frm_hide_fields_19\" id=\"frm_hide_fields_19\" value=\"\" \/>\n<input type=\"hidden\" name=\"form_key\" value=\"duo7sp\" \/>\n<input type=\"hidden\" name=\"item_meta[0]\" value=\"\" \/>\n<input type=\"hidden\" id=\"frm_submit_entry_19\" name=\"frm_submit_entry_19\" value=\"ecea11c9c1\" \/><input type=\"hidden\" name=\"_wp_http_referer\" value=\"\/de\/wp-json\/wp\/v2\/pages\/300\" \/><label for=\"frm_verify_19\" class=\"frm_screen_reader frm_hidden\">Falls Du ein Mensch bist, lasse dieses Feld leer.<\/label>\n<input type=\"text\" class=\"frm_hidden frm_verify\" id=\"frm_verify_19\" name=\"frm_verify\" value=\"\"  \/>\n<h2 class=\"frm_pos_ frm_primary_label[collapse_class]\">DATEN DES ANTRAGSTELLERS<\/h2>\r\n\r\n\n<div id=\"frm_field_487_container\" class=\"form-field  frm_required_field  frm_left_container\">\r\n    <label class=\"frm_pos_ frm_primary_label\">FIRMA\r\n        <span class=\"frm_required\">*<\/span>\r\n    <\/label>\r\n    <input type=\"text\" id=\"field_jetqpy\" name=\"item_meta[487]\" value=\"\"  style=\"width:495px\" data-reqmsg=\"Merci d&#039;indiquer le nom de votre soci\u00e9t\u00e9\" data-invmsg=\"FIRMA ist ung\u00fcltig\" class=\"auto_width\"  \/>\r\n    \r\n<\/div>\n<div id=\"frm_field_486_container\" class=\"form-field  frm_required_field  frm_left_container\">\r\n    <label class=\"frm_pos_ frm_primary_label\">Gesellschaftsform\r\n        <span class=\"frm_required\">*<\/span>\r\n    <\/label>\r\n    \t\t<select name=\"item_meta[486]\" id=\"field_nr3rh2\"  data-frmval=\"Versicherungsgesellschaft\" data-reqmsg=\"S\u00e9lectionnez un type de soci\u00e9t\u00e9\" data-invmsg=\"Gesellschaftsform ist ung\u00fcltig\"  >\n\t\t\t<option value=\"Versicherungsgesellschaft\"  selected=\"selected\" class=\"\">\n\t\t\tVersicherungsgesellschaft\t\t<\/option>\n\t\t\t<option value=\"Makler\"  class=\"\">\n\t\t\tMakler\t\t<\/option>\n\t\t\t<option value=\"Spediteur der Handelswaren\"  class=\"\">\n\t\t\tSpediteur der Handelswaren\t\t<\/option>\n\t\t\t<option value=\"Empf\u00e4nger der Handelswaren\"  class=\"\">\n\t\t\tEmpf\u00e4nger der Handelswaren\t\t<\/option>\n\t\t\t<option value=\"Bef\u00f6rderer\"  class=\"\">\n\t\t\tBef\u00f6rderer\t\t<\/option>\n\t\t\t<option value=\"Wagenbef\u00f6rderer\"  class=\"\">\n\t\t\tWagenbef\u00f6rderer\t\t<\/option>\n\t\t\t<option value=\"Verk\u00e4ufer der Handelswaren\"  class=\"\">\n\t\t\tVerk\u00e4ufer der Handelswaren\t\t<\/option>\n\t\t\t<option value=\"K\u00e4ufer der Handelswaren\"  class=\"\">\n\t\t\tK\u00e4ufer der Handelswaren\t\t<\/option>\n\t\t\t<option value=\"Andere\"  class=\"\">\n\t\t\tAndere\t\t<\/option>\n\t\t<\/select>\n\t\r\n    \r\n<\/div>\n<div id=\"frm_field_490_container\" class=\"form-field  frm_required_field  frm_left_container\">\r\n    <label class=\"frm_pos_ frm_primary_label\">Name des KONTAKTES\r\n        <span class=\"frm_required\">*<\/span>\r\n    <\/label>\r\n    <input type=\"text\" id=\"field_142eeb\" name=\"item_meta[490]\" value=\"\"  style=\"width:495px\" data-reqmsg=\"Merci d&#039;indiquer le nom de la personne \u00e0 contacter\" data-invmsg=\"Name des KONTAKTES ist ung\u00fcltig\" class=\"auto_width\"  \/>\r\n    \r\n<\/div>\n<div id=\"frm_field_491_container\" class=\"form-field  frm_required_field  frm_left_container\">\r\n    <label class=\"frm_pos_ frm_primary_label\">Telefon\r\n        <span class=\"frm_required\">*<\/span>\r\n    <\/label>\r\n    <input type=\"text\" id=\"field_e4i8gw\" name=\"item_meta[491]\" value=\"\"  style=\"width:360px\" data-reqmsg=\"Merci d&#039;indiquer votre t\u00e9l\u00e9phone\" data-invmsg=\"Telefon ist ung\u00fcltig\" class=\"auto_width\"  \/>\r\n    \r\n<\/div>\n<div id=\"frm_field_492_container\" class=\"form-field   frm_left_container\">\r\n    <label class=\"frm_pos_ frm_primary_label\">Fax\r\n        <span class=\"frm_required\"><\/span>\r\n    <\/label>\r\n    <input type=\"text\" id=\"field_9y6acw\" name=\"item_meta[492]\" value=\"\"  style=\"width:360px\" data-invmsg=\"Fax ist ung\u00fcltig\" class=\"auto_width\"  \/>\r\n    \r\n<\/div>\n<div id=\"frm_field_508_container\" class=\"form-field  frm_required_field  frm_left_container\">\r\n    <label class=\"frm_pos_ frm_primary_label\">Email\r\n        <span class=\"frm_required\">*<\/span>\r\n    <\/label>\r\n    <input type=\"email\" id=\"field_7rgc84\" name=\"item_meta[508]\" value=\"\"  style=\"width:495px\" data-reqmsg=\"Adresse mail invalide\" data-invmsg=\"Adresse mail invalide\" class=\"auto_width\"  \/>\r\n    \r\n<\/div>\n<div id=\"frm_field_495_container\" class=\"form-field   frm_left_container\">\r\n    <label class=\"frm_pos_ frm_primary_label\">Verschl\u00fcssle MEHRWERTSTEUER\r\n        <span class=\"frm_required\"><\/span>\r\n    <\/label>\r\n    <input type=\"text\" id=\"field_rach4v\" name=\"item_meta[495]\" value=\"\"  style=\"width:495px\" data-invmsg=\"Verschl\u00fcssle MEHRWERTSTEUER ist ung\u00fcltig\" class=\"auto_width\"   aria-describedby=\"frm_desc_field_rach4v\"\/>\r\n    <div class=\"frm_description\">f\u00fcr Anrechnung<\/div>\r\n<\/div>\n<div id=\"frm_field_502_container\" class=\"form-field  frm_required_field  frm_left_container\">\r\n    <label class=\"frm_pos_ frm_primary_label\">Adresse\r\n        <span class=\"frm_required\">*<\/span>\r\n    <\/label>\r\n    <textarea name=\"item_meta[502]\" id=\"field_ijvzpc\" rows=\"2\"  style=\"width:495px\" cols=\"55\" data-reqmsg=\"Merci d&#039;indiquer votre adresse\" data-invmsg=\"Adresse ist ung\u00fcltig\" class=\"auto_width\"  ><\/textarea>\r\n    \r\n<\/div>\n<div id=\"frm_field_489_container\" class=\"form-field  frm_required_field  frm_left_container\">\r\n    <label class=\"frm_pos_ frm_primary_label\">Postleitzahl\r\n        <span class=\"frm_required\">*<\/span>\r\n    <\/label>\r\n    <input type=\"text\" id=\"field_5tlpd9\" name=\"item_meta[489]\" value=\"\"  style=\"width:360px\" data-reqmsg=\"Merci d&#039;indiquer le code postal\" data-invmsg=\"Postleitzahl ist ung\u00fcltig\" class=\"auto_width\"  \/>\r\n    \r\n<\/div>\n<div id=\"frm_field_488_container\" class=\"form-field  frm_required_field  frm_left_container\">\r\n    <label class=\"frm_pos_ frm_primary_label\">Stadt\r\n        <span class=\"frm_required\">*<\/span>\r\n    <\/label>\r\n    <input type=\"text\" id=\"field_2267jl\" name=\"item_meta[488]\" value=\"\"  style=\"width:495px\" data-reqmsg=\"Merci d&#039;indiquer la ville\" data-invmsg=\"Stadt ist ung\u00fcltig\" class=\"auto_width\"  \/>\r\n    \r\n<\/div>\n<div id=\"frm_field_496_container\" class=\"form-field  frm_required_field  frm_left_container\">\r\n    <label class=\"frm_pos_ frm_primary_label\">Ihr Verweis Akte\r\n        <span class=\"frm_required\">*<\/span>\r\n    <\/label>\r\n    <input type=\"text\" id=\"field_o0hifh\" name=\"item_meta[496]\" value=\"\"  style=\"width:495px\" data-reqmsg=\"Merci d&#039;indiquer votre r\u00e9f\u00e9rence de dossier\" data-invmsg=\"Ihr Verweis Akte ist ung\u00fcltig\" class=\"auto_width\"  \/>\r\n    \r\n<\/div>\n<div id=\"frm_field_497_container\" class=\"form-field   frm_left_container\">\r\n    <label class=\"frm_pos_ frm_primary_label\">Eventuelle Anmerkungen f\u00fcr Anrechnung\r\n        <span class=\"frm_required\"><\/span>\r\n    <\/label>\r\n    <textarea name=\"item_meta[497]\" id=\"field_s5ll8q\" rows=\"2\"  style=\"width:495px\" cols=\"55\" data-invmsg=\"Eventuelle Anmerkungen f\u00fcr Anrechnung ist ung\u00fcltig\" class=\"auto_width\"  ><\/textarea>\r\n    \r\n<\/div>\n<h2 class=\"frm_pos_ frm_primary_label\">Weitergehen...<\/h2>\r\n\n<h2 class=\"frm_pos_ frm_primary_label[collapse_class]\">TYP VON ANTRAG<\/h2>\r\n\r\n\n<div id=\"frm_field_494_container\" class=\"form-field  frm_required_field  frm_top_container vertical_radio\">\r\n    <label class=\"frm_pos_ frm_primary_label\">Typ von Antrag\r\n        <span class=\"frm_required\">*<\/span>\r\n    <\/label>\r\n    \t\t<div class=\"frm_radio\"><label for=\"field_vs5v58-1\">\t\t\t<input type=\"radio\" name=\"item_meta[494]\" id=\"field_vs5v58-1\" value=\"NORMAL\"   data-reqmsg=\"Merci d&#039;indiquer le degr\u00e9 d&#039;urgence de votre requ\u00eate\" data-invmsg=\"Typ von Antrag ist ung\u00fcltig\"  \/> NORMAL<\/label><\/div>\n\t\t<div class=\"frm_radio\"><label for=\"field_vs5v58-2\">\t\t\t<input type=\"radio\" name=\"item_meta[494]\" id=\"field_vs5v58-2\" value=\"DRINGEND\"   data-reqmsg=\"Merci d&#039;indiquer le degr\u00e9 d&#039;urgence de votre requ\u00eate\" data-invmsg=\"Typ von Antrag ist ung\u00fcltig\"  \/> DRINGEND<\/label><\/div>\n\r\n    \r\n<\/div>\n<div id=\"frm_field_499_container\" class=\"form-field  frm_required_field  frm_left_container\">\r\n    <label class=\"frm_pos_ frm_primary_label\">Gegenstand der Anfrage\r\n        <span class=\"frm_required\">*<\/span>\r\n    <\/label>\r\n    <textarea name=\"item_meta[499]\" id=\"field_f1spl4\" rows=\"4\"  style=\"width:495px\" cols=\"55\" data-reqmsg=\"Merci d&#039;indiquer l&#039;objet de l&#039;expertise\" data-invmsg=\"Gegenstand der Anfrage ist ung\u00fcltig\" class=\"auto_width\"  ><\/textarea>\r\n    \r\n<\/div>\n<h2 class=\"frm_pos_ frm_primary_label\">Weitergehen...<\/h2>\r\n\n<h2 class=\"frm_pos_ frm_primary_label[collapse_class]\">ORT DER INTERVENTION<\/h2>\r\n\r\n\n<div id=\"frm_field_500_container\" class=\"form-field  frm_required_field  frm_left_container\">\r\n    <label class=\"frm_pos_ frm_primary_label\">Name Gesellschaft oder Ort\r\n        <span class=\"frm_required\">*<\/span>\r\n    <\/label>\r\n    <input type=\"text\" id=\"field_b0541g\" name=\"item_meta[500]\" value=\"\"  style=\"width:495px\" data-reqmsg=\"Merci de remplir ce champ\" data-invmsg=\"Name Gesellschaft oder Ort ist ung\u00fcltig\" class=\"auto_width\"  \/>\r\n    \r\n<\/div>\n<div id=\"frm_field_505_container\" class=\"form-field  frm_required_field  frm_left_container\">\r\n    <label class=\"frm_pos_ frm_primary_label\">Adresse\r\n        <span class=\"frm_required\">*<\/span>\r\n    <\/label>\r\n    <textarea name=\"item_meta[505]\" id=\"field_dt7scx\" rows=\"2\"  style=\"width:495px\" cols=\"55\" data-reqmsg=\"Merci d&#039;indiquer l&#039;adresse du sinistre\" data-invmsg=\"Adresse ist ung\u00fcltig\" class=\"auto_width\"  ><\/textarea>\r\n    \r\n<\/div>\n<div id=\"frm_field_503_container\" class=\"form-field  frm_required_field  frm_left_container\">\r\n    <label class=\"frm_pos_ frm_primary_label\">Postleitzahl\r\n        <span class=\"frm_required\">*<\/span>\r\n    <\/label>\r\n    <input type=\"text\" id=\"field_qrbj5u\" name=\"item_meta[503]\" value=\"\"  style=\"width:360px\" data-reqmsg=\"Merci d&#039;indiquer le code postal\" data-invmsg=\"Postleitzahl ist ung\u00fcltig\" class=\"auto_width\"  \/>\r\n    \r\n<\/div>\n<div id=\"frm_field_504_container\" class=\"form-field  frm_required_field  frm_left_container\">\r\n    <label class=\"frm_pos_ frm_primary_label\">Stadt\r\n        <span class=\"frm_required\">*<\/span>\r\n    <\/label>\r\n    <input type=\"text\" id=\"field_8d5a61\" name=\"item_meta[504]\" value=\"\"  style=\"width:495px\" data-reqmsg=\"Merci d&#039;indiquer la ville\" data-invmsg=\"Stadt ist ung\u00fcltig\" class=\"auto_width\"  \/>\r\n    \r\n<\/div>\n<div id=\"frm_field_507_container\" class=\"form-field  frm_required_field  frm_left_container\">\r\n    <label class=\"frm_pos_ frm_primary_label\">Zu kontaktieren\r\n        <span class=\"frm_required\">*<\/span>\r\n    <\/label>\r\n    <input type=\"text\" id=\"field_9wb71m\" name=\"item_meta[507]\" value=\"\"  style=\"width:495px\" data-reqmsg=\"Merci d&#039;indiquer la personne \u00e0 contacter\" data-invmsg=\"Zu kontaktieren ist ung\u00fcltig\" class=\"auto_width\"  \/>\r\n    \r\n<\/div>\n<div id=\"frm_field_506_container\" class=\"form-field   frm_left_container\">\r\n    <label class=\"frm_pos_ frm_primary_label\">Telefon\r\n        <span class=\"frm_required\"><\/span>\r\n    <\/label>\r\n    <input type=\"text\" id=\"field_4z82jz\" name=\"item_meta[506]\" value=\"\"  style=\"width:360px\" data-invmsg=\"Telefon ist ung\u00fcltig\" class=\"auto_width\"  \/>\r\n    \r\n<\/div>\n<h2 class=\"frm_pos_ frm_primary_label[collapse_class]\">DOKUMENTATION AUF DEM BETROFFENEN<\/h2>\r\n\r\n\n<div id=\"frm_field_514_container\" class=\"form-field   frm_left_container\">\r\n    <label class=\"frm_pos_ frm_primary_label\">Joindre au formulaire\r\n        <span class=\"frm_required\"><\/span>\r\n    <\/label>\r\n    <input type=\"text\" id=\"field_gslrz2\" name=\"item_meta[514]\" value=\"\"  style=\"width:270px\" data-invmsg=\"Joindre au formulaire ist ung\u00fcltig\" class=\"auto_width\"  \/>\r\n    \r\n<\/div>\n<input type=\"hidden\" name=\"item_key\" value=\"\" \/>\n<div class=\"frm_submit\">\r\n\r\n<input type=\"submit\" value=\"Envoyer\"  \/>\r\n<img class=\"frm_ajax_loading\" src=\"https:\/\/mat-experts.com\/wp-content\/plugins\/formidable\/images\/ajax_loader.gif\" alt=\"Envoi\" style=\"visibility:hidden;\" \/>\r\n\r\n<\/div><\/div>\n<\/fieldset>\n<\/div>\n<\/form>\n<\/div>\n<\/p>","protected":false},"excerpt":{"rendered":"","protected":false},"author":2,"featured_media":0,"parent":0,"menu_order":31,"comment_status":"closed","ping_status":"closed","template":"","meta":{"_monsterinsights_skip_tracking":false,"_monsterinsights_sitenote_active":false,"_monsterinsights_sitenote_note":"","_monsterinsights_sitenote_category":0},"_links":{"self":[{"href":"https:\/\/mat-experts.com\/de\/wp-json\/wp\/v2\/pages\/300"}],"collection":[{"href":"https:\/\/mat-experts.com\/de\/wp-json\/wp\/v2\/pages"}],"about":[{"href":"https:\/\/mat-experts.com\/de\/wp-json\/wp\/v2\/types\/page"}],"author":[{"embeddable":true,"href":"https:\/\/mat-experts.com\/de\/wp-json\/wp\/v2\/users\/2"}],"replies":[{"embeddable":true,"href":"https:\/\/mat-experts.com\/de\/wp-json\/wp\/v2\/comments?post=300"}],"version-history":[{"count":0,"href":"https:\/\/mat-experts.com\/de\/wp-json\/wp\/v2\/pages\/300\/revisions"}],"wp:attachment":[{"href":"https:\/\/mat-experts.com\/de\/wp-json\/wp\/v2\/media?parent=300"}],"curies":[{"name":"wp","href":"https:\/\/api.w.org\/{rel}","templated":true}]}}