{"id":298,"date":"2011-03-07T09:24:38","date_gmt":"2011-03-07T09:24:38","guid":{"rendered":"http:\/\/www.experts-marchandises.eu\/"},"modified":"2013-01-25T18:44:38","modified_gmt":"2013-01-25T18:44:38","slug":"demande-dexpertise-iard","status":"publish","type":"page","link":"https:\/\/mat-experts.com\/de\/demande-dexpertise-iard\/","title":{"rendered":"<h7>ANFRAGE VON EXPERTISE IARD<\/h7>"},"content":{"rendered":"<p><div class=\"frm_forms  with_frm_style frm_style_style-formidable\" id=\"frm_form_17_container\" >\n<form enctype=\"multipart\/form-data\" method=\"post\" class=\"frm-show-form \" id=\"form_a3zvkb\"  >\n<div class=\"frm_form_fields \">\n<fieldset>\n\r\n<div class=\"frm_fields_container\">\n<input type=\"hidden\" name=\"frm_action\" value=\"create\" \/>\n<input type=\"hidden\" name=\"form_id\" value=\"17\" \/>\n<input type=\"hidden\" name=\"frm_hide_fields_17\" id=\"frm_hide_fields_17\" value=\"\" \/>\n<input type=\"hidden\" name=\"form_key\" value=\"a3zvkb\" \/>\n<input type=\"hidden\" name=\"item_meta[0]\" value=\"\" \/>\n<input type=\"hidden\" id=\"frm_submit_entry_17\" name=\"frm_submit_entry_17\" value=\"ecea11c9c1\" \/><input type=\"hidden\" name=\"_wp_http_referer\" value=\"\/de\/wp-json\/wp\/v2\/pages\/298\" \/><label for=\"frm_verify_17\" class=\"frm_screen_reader frm_hidden\">Falls Du ein Mensch bist, lasse dieses Feld leer.<\/label>\n<input type=\"text\" class=\"frm_hidden frm_verify\" id=\"frm_verify_17\" name=\"frm_verify\" value=\"\"  \/>\n<h2 class=\"frm_pos_ frm_primary_label[collapse_class]\">DATEN DES ANTRAGSTELLERS<\/h2>\r\n\r\n\n<div id=\"frm_field_420_container\" class=\"form-field  frm_required_field  frm_left_container\">\r\n    <label class=\"frm_pos_ frm_primary_label\">FIRMA\r\n        <span class=\"frm_required\">*<\/span>\r\n    <\/label>\r\n    <input type=\"text\" id=\"field_1t31v9\" name=\"item_meta[420]\" value=\"\"  style=\"width:495px\" data-reqmsg=\"Merci d&#039;indiquer le nom de votre soci\u00e9t\u00e9\" data-invmsg=\"FIRMA ist ung\u00fcltig\" class=\"auto_width\"  \/>\r\n    \r\n<\/div>\n<div id=\"frm_field_419_container\" class=\"form-field  frm_required_field  frm_left_container\">\r\n    <label class=\"frm_pos_ frm_primary_label\">Gesellschaftsform\r\n        <span class=\"frm_required\">*<\/span>\r\n    <\/label>\r\n    \t\t<select name=\"item_meta[419]\" id=\"field_hnu4t\"  data-frmval=\"Versicherungsgesellschaft\" data-reqmsg=\"S\u00e9lectionnez un type de soci\u00e9t\u00e9\" data-invmsg=\"Gesellschaftsform ist ung\u00fcltig\"  >\n\t\t\t<option value=\"Versicherungsgesellschaft\"  selected=\"selected\" class=\"\">\n\t\t\tVersicherungsgesellschaft\t\t<\/option>\n\t\t\t<option value=\"Makler\"  class=\"\">\n\t\t\tMakler\t\t<\/option>\n\t\t\t<option value=\"Spediteur der Handelswaren\"  class=\"\">\n\t\t\tSpediteur der Handelswaren\t\t<\/option>\n\t\t\t<option value=\"Empf\u00e4nger der Handelswaren\"  class=\"\">\n\t\t\tEmpf\u00e4nger der Handelswaren\t\t<\/option>\n\t\t\t<option value=\"Bef\u00f6rderer\"  class=\"\">\n\t\t\tBef\u00f6rderer\t\t<\/option>\n\t\t\t<option value=\"Wagenbef\u00f6rderer\"  class=\"\">\n\t\t\tWagenbef\u00f6rderer\t\t<\/option>\n\t\t\t<option value=\"Verk\u00e4ufer der Handelswaren\"  class=\"\">\n\t\t\tVerk\u00e4ufer der Handelswaren\t\t<\/option>\n\t\t\t<option value=\"K\u00e4ufer der Handelswaren\"  class=\"\">\n\t\t\tK\u00e4ufer der Handelswaren\t\t<\/option>\n\t\t\t<option value=\"Andere\"  class=\"\">\n\t\t\tAndere\t\t<\/option>\n\t\t<\/select>\n\t\r\n    \r\n<\/div>\n<div id=\"frm_field_423_container\" class=\"form-field  frm_required_field  frm_left_container\">\r\n    <label class=\"frm_pos_ frm_primary_label\">Name des KONTAKTES\r\n        <span class=\"frm_required\">*<\/span>\r\n    <\/label>\r\n    <input type=\"text\" id=\"field_67kcp2\" name=\"item_meta[423]\" value=\"\"  style=\"width:495px\" data-reqmsg=\"Merci d&#039;indiquer le nom de la personne \u00e0 contacter\" data-invmsg=\"Name des KONTAKTES ist ung\u00fcltig\" class=\"auto_width\"  \/>\r\n    \r\n<\/div>\n<div id=\"frm_field_424_container\" class=\"form-field  frm_required_field  frm_left_container\">\r\n    <label class=\"frm_pos_ frm_primary_label\">Telefon\r\n        <span class=\"frm_required\">*<\/span>\r\n    <\/label>\r\n    <input type=\"text\" id=\"field_qpr4i\" name=\"item_meta[424]\" value=\"\"  style=\"width:360px\" data-reqmsg=\"Merci d&#039;indiquer votre t\u00e9l\u00e9phone\" data-invmsg=\"Telefon ist ung\u00fcltig\" class=\"auto_width\"  \/>\r\n    \r\n<\/div>\n<div id=\"frm_field_425_container\" class=\"form-field   frm_left_container\">\r\n    <label class=\"frm_pos_ frm_primary_label\">Fax\r\n        <span class=\"frm_required\"><\/span>\r\n    <\/label>\r\n    <input type=\"text\" id=\"field_kgrz3y\" name=\"item_meta[425]\" value=\"\"  style=\"width:360px\" data-invmsg=\"Fax ist ung\u00fcltig\" class=\"auto_width\"  \/>\r\n    \r\n<\/div>\n<div id=\"frm_field_442_container\" class=\"form-field  frm_required_field  frm_left_container\">\r\n    <label class=\"frm_pos_ frm_primary_label\">Email\r\n        <span class=\"frm_required\">*<\/span>\r\n    <\/label>\r\n    <input type=\"email\" id=\"field_g04chx\" name=\"item_meta[442]\" value=\"\"  style=\"width:495px\" data-reqmsg=\"Adresse mail invalide\" data-invmsg=\"Adresse mail invalide\" class=\"auto_width\"  \/>\r\n    \r\n<\/div>\n<div id=\"frm_field_428_container\" class=\"form-field   frm_left_container\">\r\n    <label class=\"frm_pos_ frm_primary_label\">Verschl\u00fcssle MEHRWERTSTEUER\r\n        <span class=\"frm_required\"><\/span>\r\n    <\/label>\r\n    <input type=\"text\" id=\"field_uy0bc4\" name=\"item_meta[428]\" value=\"\"  style=\"width:495px\" data-invmsg=\"Verschl\u00fcssle MEHRWERTSTEUER ist ung\u00fcltig\" class=\"auto_width\"   aria-describedby=\"frm_desc_field_uy0bc4\"\/>\r\n    <div class=\"frm_description\">f\u00fcr Anrechnung<\/div>\r\n<\/div>\n<div id=\"frm_field_436_container\" class=\"form-field  frm_required_field  frm_left_container\">\r\n    <label class=\"frm_pos_ frm_primary_label\">Adresse\r\n        <span class=\"frm_required\">*<\/span>\r\n    <\/label>\r\n    <textarea name=\"item_meta[436]\" id=\"field_jnkxvf\" rows=\"2\"  style=\"width:495px\" cols=\"55\" data-reqmsg=\"Merci d&#039;indiquer votre adresse\" data-invmsg=\"Adresse ist ung\u00fcltig\" class=\"auto_width\"  ><\/textarea>\r\n    \r\n<\/div>\n<div id=\"frm_field_422_container\" class=\"form-field  frm_required_field  frm_left_container\">\r\n    <label class=\"frm_pos_ frm_primary_label\">Postleitzahl\r\n        <span class=\"frm_required\">*<\/span>\r\n    <\/label>\r\n    <input type=\"text\" id=\"field_2m1h6a\" name=\"item_meta[422]\" value=\"\"  style=\"width:360px\" data-reqmsg=\"Merci d&#039;indiquer le code postal\" data-invmsg=\"Postleitzahl ist ung\u00fcltig\" class=\"auto_width\"  \/>\r\n    \r\n<\/div>\n<div id=\"frm_field_421_container\" class=\"form-field  frm_required_field  frm_left_container\">\r\n    <label class=\"frm_pos_ frm_primary_label\">Stadt\r\n        <span class=\"frm_required\">*<\/span>\r\n    <\/label>\r\n    <input type=\"text\" id=\"field_k525q5\" name=\"item_meta[421]\" value=\"\"  style=\"width:495px\" data-reqmsg=\"Merci d&#039;indiquer la ville\" data-invmsg=\"Stadt ist ung\u00fcltig\" class=\"auto_width\"  \/>\r\n    \r\n<\/div>\n<div id=\"frm_field_429_container\" class=\"form-field  frm_required_field  frm_left_container\">\r\n    <label class=\"frm_pos_ frm_primary_label\">Ihr Verweis Akte\r\n        <span class=\"frm_required\">*<\/span>\r\n    <\/label>\r\n    <input type=\"text\" id=\"field_tmzulq\" name=\"item_meta[429]\" value=\"\"  style=\"width:495px\" data-reqmsg=\"Merci d&#039;indiquer votre r\u00e9f\u00e9rence de dossier\" data-invmsg=\"Ihr Verweis Akte ist ung\u00fcltig\" class=\"auto_width\"  \/>\r\n    \r\n<\/div>\n<div id=\"frm_field_430_container\" class=\"form-field   frm_left_container\">\r\n    <label class=\"frm_pos_ frm_primary_label\">Dienste und erg\u00e4nzende Genauigkeiten\r\n        <span class=\"frm_required\"><\/span>\r\n    <\/label>\r\n    <textarea name=\"item_meta[430]\" id=\"field_wdj23w\" rows=\"2\"  style=\"width:495px\" cols=\"55\" data-invmsg=\"Dienste und erg\u00e4nzende Genauigkeiten ist ung\u00fcltig\" class=\"auto_width\"  ><\/textarea>\r\n    \r\n<\/div>\n<h2 class=\"frm_pos_ frm_primary_label\">Weitergehen...<\/h2>\r\n\n<h2 class=\"frm_pos_ frm_primary_label[collapse_class]\">TYP VON ANTRAG<\/h2>\r\n\r\n\n<div id=\"frm_field_427_container\" class=\"form-field  frm_required_field  frm_top_container vertical_radio\">\r\n    <label class=\"frm_pos_ frm_primary_label\">Typ von Antrag\r\n        <span class=\"frm_required\">*<\/span>\r\n    <\/label>\r\n    \t\t<div class=\"frm_radio\"><label for=\"field_kvsvl6-1\">\t\t\t<input type=\"radio\" name=\"item_meta[427]\" id=\"field_kvsvl6-1\" value=\"NORMAL\"   data-reqmsg=\"Merci d&#039;indiquer le degr\u00e9 d&#039;urgence de votre requ\u00eate\" data-invmsg=\"Typ von Antrag ist ung\u00fcltig\"  \/> NORMAL<\/label><\/div>\n\t\t<div class=\"frm_radio\"><label for=\"field_kvsvl6-2\">\t\t\t<input type=\"radio\" name=\"item_meta[427]\" id=\"field_kvsvl6-2\" value=\"DRINGEND\"   data-reqmsg=\"Merci d&#039;indiquer le degr\u00e9 d&#039;urgence de votre requ\u00eate\" data-invmsg=\"Typ von Antrag ist ung\u00fcltig\"  \/> DRINGEND<\/label><\/div>\n\r\n    \r\n<\/div>\n<div id=\"frm_field_432_container\" class=\"form-field  frm_required_field  frm_left_container\">\r\n    <label class=\"frm_pos_ frm_primary_label\">Gegenstand des Schadens\r\n        <span class=\"frm_required\">*<\/span>\r\n    <\/label>\r\n    <textarea name=\"item_meta[432]\" id=\"field_rnth8s\" rows=\"4\"  style=\"width:495px\" cols=\"55\" data-reqmsg=\"Merci d&#039;indiquer l&#039;objet de l&#039;expertise\" data-invmsg=\"Gegenstand des Schadens ist ung\u00fcltig\" class=\"auto_width\"  ><\/textarea>\r\n    \r\n<\/div>\n<div id=\"frm_field_434_container\" class=\"form-field  frm_required_field  frm_left_container\">\r\n    <label class=\"frm_pos_ frm_primary_label\">Natur der Katastrophe\r\n        <span class=\"frm_required\">*<\/span>\r\n    <\/label>\r\n    \t\t<select name=\"item_meta[434]\" id=\"field_cyfnyf\"  data-frmval=\"Ausw\u00e4hlen...\" data-reqmsg=\"Merci d&#039;indiquer le type de dommage\" data-invmsg=\"Natur der Katastrophe ist ung\u00fcltig\"  >\n\t\t\t<option value=\"Ausw\u00e4hlen...\"  selected=\"selected\" class=\"\">\n\t\t\tAusw\u00e4hlen...\t\t<\/option>\n\t\t\t<option value=\"Brand\"  class=\"\">\n\t\t\tBrand\t\t<\/option>\n\t\t\t<option value=\"Elektrisches Ph\u00e4nomen\"  class=\"\">\n\t\t\tElektrisches Ph\u00e4nomen\t\t<\/option>\n\t\t\t<option value=\"\u00dcberschwemmung\"  class=\"\">\n\t\t\t\u00dcberschwemmung\t\t<\/option>\n\t\t\t<option value=\"Alle Risiken\"  class=\"\">\n\t\t\tAlle Risiken\t\t<\/option>\n\t\t\t<option value=\"Handelsregister Produkte\"  class=\"\">\n\t\t\tHandelsregister Produkte\t\t<\/option>\n\t\t\t<option value=\"Andere\"  class=\"\">\n\t\t\tAndere\t\t<\/option>\n\t\t<\/select>\n\t\r\n    \r\n<\/div>\n<div id=\"frm_field_431_container\" class=\"form-field  frm_required_field  frm_left_container\">\r\n    <label class=\"frm_pos_ frm_primary_label\">Einsatz der Katastrophe\r\n        <span class=\"frm_required\">*<\/span>\r\n    <\/label>\r\n    <input type=\"text\" id=\"field_j7gpo8\" name=\"item_meta[431]\" value=\"\"  style=\"width:495px\" data-reqmsg=\"Valeur marchande concern\u00e9e can&#039;t be blank\" data-invmsg=\"Einsatz der Katastrophe ist ung\u00fcltig\" class=\"auto_width\"  \/>\r\n    \r\n<\/div>\n<h2 class=\"frm_pos_ frm_primary_label\">Weitergehen...<\/h2>\r\n\n<h2 class=\"frm_pos_ frm_primary_label[collapse_class]\">ORT DER INTERVENTION<\/h2>\r\n\r\n\n<div id=\"frm_field_433_container\" class=\"form-field  frm_required_field  frm_left_container\">\r\n    <label class=\"frm_pos_ frm_primary_label\">Name Gesellschaft oder Ort\r\n        <span class=\"frm_required\">*<\/span>\r\n    <\/label>\r\n    <input type=\"text\" id=\"field_x7szul\" name=\"item_meta[433]\" value=\"\"  style=\"width:495px\" data-reqmsg=\"Merci de remplir ce champ\" data-invmsg=\"Name Gesellschaft oder Ort ist ung\u00fcltig\" class=\"auto_width\"  \/>\r\n    \r\n<\/div>\n<div id=\"frm_field_439_container\" class=\"form-field  frm_required_field  frm_left_container\">\r\n    <label class=\"frm_pos_ frm_primary_label\">Adresse\r\n        <span class=\"frm_required\">*<\/span>\r\n    <\/label>\r\n    <textarea name=\"item_meta[439]\" id=\"field_hax5v7\" rows=\"2\"  style=\"width:495px\" cols=\"55\" data-reqmsg=\"Merci d&#039;indiquer l&#039;adresse du sinistre\" data-invmsg=\"Adresse ist ung\u00fcltig\" class=\"auto_width\"  ><\/textarea>\r\n    \r\n<\/div>\n<div id=\"frm_field_437_container\" class=\"form-field  frm_required_field  frm_left_container\">\r\n    <label class=\"frm_pos_ frm_primary_label\">Postleitzahl\r\n        <span class=\"frm_required\">*<\/span>\r\n    <\/label>\r\n    <input type=\"text\" id=\"field_d4aom7\" name=\"item_meta[437]\" value=\"\"  style=\"width:360px\" data-reqmsg=\"Merci d&#039;indiquer le code postal\" data-invmsg=\"Postleitzahl ist ung\u00fcltig\" class=\"auto_width\"  \/>\r\n    \r\n<\/div>\n<div id=\"frm_field_438_container\" class=\"form-field  frm_required_field  frm_left_container\">\r\n    <label class=\"frm_pos_ frm_primary_label\">Stadt\r\n        <span class=\"frm_required\">*<\/span>\r\n    <\/label>\r\n    <input type=\"text\" id=\"field_gnhf8b\" name=\"item_meta[438]\" value=\"\"  style=\"width:495px\" data-reqmsg=\"Merci d&#039;indiquer la ville\" data-invmsg=\"Stadt ist ung\u00fcltig\" class=\"auto_width\"  \/>\r\n    \r\n<\/div>\n<div id=\"frm_field_441_container\" class=\"form-field  frm_required_field  frm_left_container\">\r\n    <label class=\"frm_pos_ frm_primary_label\">Zu kontaktieren\r\n        <span class=\"frm_required\">*<\/span>\r\n    <\/label>\r\n    <input type=\"text\" id=\"field_obsurw\" name=\"item_meta[441]\" value=\"\"  style=\"width:495px\" data-reqmsg=\"Merci d&#039;indiquer la personne \u00e0 contacter\" data-invmsg=\"Zu kontaktieren ist ung\u00fcltig\" class=\"auto_width\"  \/>\r\n    \r\n<\/div>\n<div id=\"frm_field_440_container\" class=\"form-field   frm_left_container\">\r\n    <label class=\"frm_pos_ frm_primary_label\">Telefon\r\n        <span class=\"frm_required\"><\/span>\r\n    <\/label>\r\n    <input type=\"text\" id=\"field_os6109\" name=\"item_meta[440]\" value=\"\"  style=\"width:360px\" data-invmsg=\"Telefon ist ung\u00fcltig\" class=\"auto_width\"  \/>\r\n    \r\n<\/div>\n<h2 class=\"frm_pos_ frm_primary_label[collapse_class]\">DOKUMENTATION AUF DEM BETROFFENEN<\/h2>\r\n\r\n\n<div id=\"frm_field_447_container\" class=\"form-field   frm_left_container\">\r\n    <label class=\"frm_pos_ frm_primary_label\">Joindre au formulaire\r\n        <span class=\"frm_required\"><\/span>\r\n    <\/label>\r\n    <input type=\"text\" id=\"field_7aef2j\" name=\"item_meta[447]\" value=\"\"  style=\"width:270px\" data-invmsg=\"Joindre au formulaire ist ung\u00fcltig\" class=\"auto_width\"  \/>\r\n    \r\n<\/div>\n<div id=\"frm_field_482_container\" class=\"form-field   frm_left_container\">\r\n    <label class=\"frm_pos_ frm_primary_label\">Besondere Anweisungen\r\n        <span class=\"frm_required\"><\/span>\r\n    <\/label>\r\n    <textarea name=\"item_meta[482]\" id=\"field_fm5pon\" rows=\"2\"  style=\"width:495px\" cols=\"55\" data-invmsg=\"Besondere Anweisungen ist ung\u00fcltig\" class=\"auto_width\"  ><\/textarea>\r\n    \r\n<\/div>\n<div id=\"frm_field_483_container\" class=\"form-field   frm_top_container vertical_radio\">\r\n    <label class=\"frm_pos_ frm_primary_label\">Kontakt von\r\n        <span class=\"frm_required\"><\/span>\r\n    <\/label>\r\n    \t\t<div class=\"frm_radio\"><label for=\"field_515651a-0\">\t\t\t<input type=\"radio\" name=\"item_meta[483]\" id=\"field_515651a-0\" value=\"Telefon\"   data-invmsg=\"Kontakt von ist ung\u00fcltig\"  \/> Telefon<\/label><\/div>\n\t\t<div class=\"frm_radio\"><label for=\"field_515651a-1\">\t\t\t<input type=\"radio\" name=\"item_meta[483]\" id=\"field_515651a-1\" value=\"Option 2\"   data-invmsg=\"Kontakt von ist ung\u00fcltig\"  \/> Option 2<\/label><\/div>\n\r\n    \r\n<\/div>\n<input type=\"hidden\" name=\"item_key\" value=\"\" \/>\n<div class=\"frm_submit\">\r\n\r\n<input type=\"submit\" value=\"Envoyer\"  \/>\r\n<img class=\"frm_ajax_loading\" src=\"https:\/\/mat-experts.com\/wp-content\/plugins\/formidable\/images\/ajax_loader.gif\" alt=\"Envoi\" style=\"visibility:hidden;\" \/>\r\n\r\n<\/div><\/div>\n<\/fieldset>\n<\/div>\n<\/form>\n<\/div>\n<\/p>","protected":false},"excerpt":{"rendered":"","protected":false},"author":2,"featured_media":0,"parent":0,"menu_order":30,"comment_status":"closed","ping_status":"closed","template":"","meta":{"_monsterinsights_skip_tracking":false,"_monsterinsights_sitenote_active":false,"_monsterinsights_sitenote_note":"","_monsterinsights_sitenote_category":0},"_links":{"self":[{"href":"https:\/\/mat-experts.com\/de\/wp-json\/wp\/v2\/pages\/298"}],"collection":[{"href":"https:\/\/mat-experts.com\/de\/wp-json\/wp\/v2\/pages"}],"about":[{"href":"https:\/\/mat-experts.com\/de\/wp-json\/wp\/v2\/types\/page"}],"author":[{"embeddable":true,"href":"https:\/\/mat-experts.com\/de\/wp-json\/wp\/v2\/users\/2"}],"replies":[{"embeddable":true,"href":"https:\/\/mat-experts.com\/de\/wp-json\/wp\/v2\/comments?post=298"}],"version-history":[{"count":0,"href":"https:\/\/mat-experts.com\/de\/wp-json\/wp\/v2\/pages\/298\/revisions"}],"wp:attachment":[{"href":"https:\/\/mat-experts.com\/de\/wp-json\/wp\/v2\/media?parent=298"}],"curies":[{"name":"wp","href":"https:\/\/api.w.org\/{rel}","templated":true}]}}