{"id":27,"date":"2011-02-06T13:32:26","date_gmt":"2011-02-06T13:32:26","guid":{"rendered":"http:\/\/www.experts-marchandises.eu\/"},"modified":"2015-11-17T06:37:56","modified_gmt":"2015-11-17T05:37:56","slug":"autres-prestations-assistance","status":"publish","type":"page","link":"https:\/\/mat-experts.com\/de\/autres-prestations-assistance\/","title":{"rendered":"Andere Leistungen, Beistand"},"content":{"rendered":"<p>F\u00fcr besondere Studien:<\/p>\n<ul>\n<li>Studium von Pflichtenheft Bef\u00f6rderungen (Laden, Sicherheitsgef\u00fchle gegebene Fluten)<\/li>\n<li>Beistand zu Gerichtlicher Expertise<\/li>\n<li>Bereitstellung des Betreuungspflockes mit tra\u00e7abilit\u00e9<\/li>\n<li>Bereitstellung des Sicherheitsprotokolls<\/li>\n<li>Studium von Aufschlag<\/li>\n<li>Accidentologie (Forschung nach den Gr\u00fcnden)<\/li>\n<li>Verwaltung von Massenkatastrophe<\/li>\n<li>Berufung und Beistand<\/li>\n<\/ul>\n<p>Dieser Dienst ist den Unternehmen, den Versicherungsgesellschaften und den Brokern vorgeschlagen, aber wendet sich auch an alle diejenigen, die w\u00fcnschen, die Risiken und die Katastrophen herabzusetzen, die sich w\u00e4hrend Phasenbef\u00f6rderung \/ Behandlung ergeben k\u00f6nnten.<\/p>","protected":false},"excerpt":{"rendered":"<p>F\u00fcr besondere Studien: Studium von Pflichtenheft Bef\u00f6rderungen (Laden, Sicherheitsgef\u00fchle gegebene Fluten) Beistand zu Gerichtlicher Expertise Bereitstellung des Betreuungspflockes mit tra\u00e7abilit\u00e9 Bereitstellung des Sicherheitsprotokolls Studium von Aufschlag Accidentologie (Forschung nach den Gr\u00fcnden) Verwaltung von Massenkatastrophe Berufung und Beistand Dieser Dienst ist den Unternehmen, den Versicherungsgesellschaften und den Brokern vorgeschlagen, aber wendet sich auch an alle diejenigen, &hellip; <\/p>\n","protected":false},"author":1,"featured_media":0,"parent":0,"menu_order":20,"comment_status":"closed","ping_status":"closed","template":"","meta":{"_monsterinsights_skip_tracking":false,"_monsterinsights_sitenote_active":false,"_monsterinsights_sitenote_note":"","_monsterinsights_sitenote_category":0},"_links":{"self":[{"href":"https:\/\/mat-experts.com\/de\/wp-json\/wp\/v2\/pages\/27"}],"collection":[{"href":"https:\/\/mat-experts.com\/de\/wp-json\/wp\/v2\/pages"}],"about":[{"href":"https:\/\/mat-experts.com\/de\/wp-json\/wp\/v2\/types\/page"}],"author":[{"embeddable":true,"href":"https:\/\/mat-experts.com\/de\/wp-json\/wp\/v2\/users\/1"}],"replies":[{"embeddable":true,"href":"https:\/\/mat-experts.com\/de\/wp-json\/wp\/v2\/comments?post=27"}],"version-history":[{"count":2,"href":"https:\/\/mat-experts.com\/de\/wp-json\/wp\/v2\/pages\/27\/revisions"}],"predecessor-version":[{"id":911,"href":"https:\/\/mat-experts.com\/de\/wp-json\/wp\/v2\/pages\/27\/revisions\/911"}],"wp:attachment":[{"href":"https:\/\/mat-experts.com\/de\/wp-json\/wp\/v2\/media?parent=27"}],"curies":[{"name":"wp","href":"https:\/\/api.w.org\/{rel}","templated":true}]}}