{"id":25,"date":"2011-02-06T13:31:58","date_gmt":"2011-02-06T13:31:58","guid":{"rendered":"http:\/\/www.experts-marchandises.eu\/"},"modified":"2015-11-17T00:15:28","modified_gmt":"2015-11-16T23:15:28","slug":"prestations-non-maritime","status":"publish","type":"page","link":"https:\/\/mat-experts.com\/de\/prestations-non-maritime\/","title":{"rendered":"Nichtseeleistungen"},"content":{"rendered":"<p><\/p>\n<ul>\n<li>Verwaltung der Sch\u00e4den \/ industriellen und m\u00fcndigen Katastrophen<\/li>\n<li>Katastrophen Haftpflicht der Gesellschaften und der Privatpersonen<\/li>\n<li>Katastrophen von T\u00e4tigkeitsunterbrechung<\/li>\n<li>Verantwortlichkeitskatastrophen stellt herbei<\/li>\n<li>Katastrophen von Personenkraftwagen \/ Kraftfahrzeuge<\/li>\n<li>Sch\u00e4den in den Geb\u00e4uden, den Bausch\u00e4den<\/li>\n<li>Assitance Technik, Verwaltung der Risiken<\/li>\n<\/ul>\n<p><\/p>","protected":false},"excerpt":{"rendered":"<p>Verwaltung der Sch\u00e4den \/ industriellen und m\u00fcndigen Katastrophen Katastrophen Haftpflicht der Gesellschaften und der Privatpersonen Katastrophen von T\u00e4tigkeitsunterbrechung Verantwortlichkeitskatastrophen stellt herbei Katastrophen von Personenkraftwagen \/ Kraftfahrzeuge Sch\u00e4den in den Geb\u00e4uden, den Bausch\u00e4den Assitance Technik, Verwaltung der Risiken<\/p>\n","protected":false},"author":1,"featured_media":0,"parent":0,"menu_order":14,"comment_status":"closed","ping_status":"closed","template":"","meta":{"_monsterinsights_skip_tracking":false,"_monsterinsights_sitenote_active":false,"_monsterinsights_sitenote_note":"","_monsterinsights_sitenote_category":0},"_links":{"self":[{"href":"https:\/\/mat-experts.com\/de\/wp-json\/wp\/v2\/pages\/25"}],"collection":[{"href":"https:\/\/mat-experts.com\/de\/wp-json\/wp\/v2\/pages"}],"about":[{"href":"https:\/\/mat-experts.com\/de\/wp-json\/wp\/v2\/types\/page"}],"author":[{"embeddable":true,"href":"https:\/\/mat-experts.com\/de\/wp-json\/wp\/v2\/users\/1"}],"replies":[{"embeddable":true,"href":"https:\/\/mat-experts.com\/de\/wp-json\/wp\/v2\/comments?post=25"}],"version-history":[{"count":0,"href":"https:\/\/mat-experts.com\/de\/wp-json\/wp\/v2\/pages\/25\/revisions"}],"wp:attachment":[{"href":"https:\/\/mat-experts.com\/de\/wp-json\/wp\/v2\/media?parent=25"}],"curies":[{"name":"wp","href":"https:\/\/api.w.org\/{rel}","templated":true}]}}