{"id":23,"date":"2011-02-06T13:31:30","date_gmt":"2011-02-06T13:31:30","guid":{"rendered":"http:\/\/www.experts-marchandises.eu\/"},"modified":"2015-11-17T00:32:47","modified_gmt":"2015-11-16T23:32:47","slug":"prestations-marchandises","status":"publish","type":"page","link":"https:\/\/mat-experts.com\/de\/prestations-marchandises\/","title":{"rendered":"Leistungen Handelswaren"},"content":{"rendered":"<p><\/p>\n<ul>\n<li>Bef\u00f6rderung \/ Verantwortlichkeit CMR<\/li>\n<li>Sch\u00e4den Bef\u00f6rderungen: Eisenbahn-, Luft-, Flu\u00df-, See- und Stra\u00dfenbef\u00f6rderung<\/li>\n<li>Nachfolgende Sch\u00e4den in einer Bef\u00f6rderungshavarie, einem finanziellen Verlust<\/li>\n<li>Expertise auf Sch\u00e4den<\/li>\n<li>Vorbeugung<\/li>\n<li>Mit der Warenlagerung verbundenes Risiko \/ die Logistik<\/li>\n<li>Expertisen von Lagerh\u00e4usern einschlie\u00dflich Einsch\u00e4tzung des Risikos<\/li>\n<li>Expertisen im Laden, der Beaufsichtigung von Verstauen f\u00fcr den Seetransport einschlie\u00dflich die Behandlungen schwerer Lasten<\/li>\n<li>Vorbeugende Expertisen vor Laden und Beistand zum Entladen<\/li>\n<li>Expertisen der Techniken und Verpackungsprodukte<\/li>\n<li>Sch\u00e4den Umz\u00fcge<\/li>\n<li>Bewertung vor Sicherheit<\/li>\n<li>Operations- oder Rettungsorganisation reconditionnement<\/li>\n<li>Verk\u00e4ufe in der Rettung besch\u00e4digter Handelswaren<\/li>\n<li>Begutachte K\u00f6rper<\/li>\n<li>Seeexpertisen, Expertisen von Keil und Expertisen vor Spedition<\/li>\n<li>Begutachte Freizeitsegeln<\/li>\n<li>Organisation und Kontrolle von Expertisen in der ganzen Welt<\/li>\n<\/ul>\n<p><\/p>","protected":false},"excerpt":{"rendered":"<p>Bef\u00f6rderung \/ Verantwortlichkeit CMR Sch\u00e4den Bef\u00f6rderungen: Eisenbahn-, Luft-, Flu\u00df-, See- und Stra\u00dfenbef\u00f6rderung Nachfolgende Sch\u00e4den in einer Bef\u00f6rderungshavarie, einem finanziellen Verlust Expertise auf Sch\u00e4den Vorbeugung Mit der Warenlagerung verbundenes Risiko \/ die Logistik Expertisen von Lagerh\u00e4usern einschlie\u00dflich Einsch\u00e4tzung des Risikos Expertisen im Laden, der Beaufsichtigung von Verstauen f\u00fcr den Seetransport einschlie\u00dflich die Behandlungen schwerer Lasten Vorbeugende &hellip; <\/p>\n","protected":false},"author":1,"featured_media":0,"parent":0,"menu_order":12,"comment_status":"closed","ping_status":"closed","template":"","meta":{"_monsterinsights_skip_tracking":false,"_monsterinsights_sitenote_active":false,"_monsterinsights_sitenote_note":"","_monsterinsights_sitenote_category":0},"_links":{"self":[{"href":"https:\/\/mat-experts.com\/de\/wp-json\/wp\/v2\/pages\/23"}],"collection":[{"href":"https:\/\/mat-experts.com\/de\/wp-json\/wp\/v2\/pages"}],"about":[{"href":"https:\/\/mat-experts.com\/de\/wp-json\/wp\/v2\/types\/page"}],"author":[{"embeddable":true,"href":"https:\/\/mat-experts.com\/de\/wp-json\/wp\/v2\/users\/1"}],"replies":[{"embeddable":true,"href":"https:\/\/mat-experts.com\/de\/wp-json\/wp\/v2\/comments?post=23"}],"version-history":[{"count":0,"href":"https:\/\/mat-experts.com\/de\/wp-json\/wp\/v2\/pages\/23\/revisions"}],"wp:attachment":[{"href":"https:\/\/mat-experts.com\/de\/wp-json\/wp\/v2\/media?parent=23"}],"curies":[{"name":"wp","href":"https:\/\/api.w.org\/{rel}","templated":true}]}}