{"id":13,"date":"2011-02-06T13:14:18","date_gmt":"2011-02-06T13:14:18","guid":{"rendered":"http:\/\/www.experts-marchandises.eu\/"},"modified":"2015-11-17T07:01:46","modified_gmt":"2015-11-17T06:01:46","slug":"sauvetage-de-marchandises","status":"publish","type":"page","link":"https:\/\/mat-experts.com\/de\/sauvetage-de-marchandises\/","title":{"rendered":"Rettung"},"content":{"rendered":"<p><strong>FABRIKANTEN, EINFUHRH\u00c4NDLER&#8230;<\/strong><br \/>\nSie verf\u00fcgen \u00fcber die Anteile von Handelswaren, aus denen Sie nur machen k\u00f6nnen, und deren Betriebskosten astronomisch sind&#8230;<\/p>\n<p><a href=\"http:\/\/www.sauvetage-de-marchandises.com\"><img class=\"alignleft\" src=\"http:\/\/www.mat-experts.com\/wp-content\/uploads\/2013\/02\/LOGO_SDM_OK_120px.jpg\" alt=\"\" width=\"100\" target=\"_blank\">SAUVETAGE DE MARCHANDISES<\/a> ist ein Werkzeug on-line Legens von Anteilen von Handelswaren, die deklassiert, durch eine Katastrophe besch\u00e4digt, infolge einer Zur\u00fccknahme des K\u00e4ufers verlassen sind, oder Reste&#8230;<\/p>\n<p>Das Sicherheitsgef\u00fchl mit Bericht von Rettung gebene am Ende der Angebotsausschreibung genehmigte Website.<br \/>\n<strong>Mat-Experts<\/strong> ist <a title=\"SAUVETAGE DE MARCHANDISES\" href=\"http:\/\/www.sauvetage-de-marchandises.com\/\" target=\"_blank\">SAUVETAGE DE MARCHANDISES<\/a> partnerschaftlich.<\/p>","protected":false},"excerpt":{"rendered":"<p>FABRIKANTEN, EINFUHRH\u00c4NDLER&#8230; Sie verf\u00fcgen \u00fcber die Anteile von Handelswaren, aus denen Sie nur machen k\u00f6nnen, und deren Betriebskosten astronomisch sind&#8230; SAUVETAGE DE MARCHANDISES ist ein Werkzeug on-line Legens von Anteilen von Handelswaren, die deklassiert, durch eine Katastrophe besch\u00e4digt, infolge einer Zur\u00fccknahme des K\u00e4ufers verlassen sind, oder Reste&#8230; Das Sicherheitsgef\u00fchl mit Bericht von Rettung gebene am &hellip; <\/p>\n","protected":false},"author":1,"featured_media":0,"parent":0,"menu_order":34,"comment_status":"closed","ping_status":"closed","template":"","meta":{"_monsterinsights_skip_tracking":false,"_monsterinsights_sitenote_active":false,"_monsterinsights_sitenote_note":"","_monsterinsights_sitenote_category":0},"_links":{"self":[{"href":"https:\/\/mat-experts.com\/de\/wp-json\/wp\/v2\/pages\/13"}],"collection":[{"href":"https:\/\/mat-experts.com\/de\/wp-json\/wp\/v2\/pages"}],"about":[{"href":"https:\/\/mat-experts.com\/de\/wp-json\/wp\/v2\/types\/page"}],"author":[{"embeddable":true,"href":"https:\/\/mat-experts.com\/de\/wp-json\/wp\/v2\/users\/1"}],"replies":[{"embeddable":true,"href":"https:\/\/mat-experts.com\/de\/wp-json\/wp\/v2\/comments?post=13"}],"version-history":[{"count":5,"href":"https:\/\/mat-experts.com\/de\/wp-json\/wp\/v2\/pages\/13\/revisions"}],"predecessor-version":[{"id":919,"href":"https:\/\/mat-experts.com\/de\/wp-json\/wp\/v2\/pages\/13\/revisions\/919"}],"wp:attachment":[{"href":"https:\/\/mat-experts.com\/de\/wp-json\/wp\/v2\/media?parent=13"}],"curies":[{"name":"wp","href":"https:\/\/api.w.org\/{rel}","templated":true}]}}